{"id":2008,"date":"2023-11-21T08:53:52","date_gmt":"2023-11-21T07:53:52","guid":{"rendered":"http:\/\/10.101.240.49\/?page_id=2008"},"modified":"2025-05-12T12:10:44","modified_gmt":"2025-05-12T10:10:44","slug":"news","status":"publish","type":"page","link":"https:\/\/dqio.ub.edu\/en\/inorganic\/news\/","title":{"rendered":"News and Events"},"content":{"rendered":"<section class=\"l-section wpb_row us_custom_1dd8f0b6 height_auto width_full\"><div class=\"l-section-h i-cf\"><div class=\"g-cols vc_row via_grid cols_2 laptops-cols_inherit tablets-cols_inherit mobiles-cols_1 valign_middle type_default stacking_default\"><div class=\"wpb_column vc_column_container\"><div class=\"vc_column-inner\"><div class=\"g-cols wpb_row faculty via_grid cols_1 laptops-cols_inherit tablets-cols_inherit mobiles-cols_1 valign_middle type_boxes stacking_default\" style=\"--gap:0rem;\"><div class=\"wpb_column vc_column_container\"><div class=\"vc_column-inner\"><div class=\"wpb_text_column us_custom_6df4bc3a has_text_color\"><div class=\"wpb_wrapper\"><h2>Department of<br \/>\nInorganic Chemistry<\/h2>\n<\/div><\/div><div class=\"w-separator barra hide_on_laptops size_small\"><\/div><nav class=\"g-breadcrumbs us_custom_e50ce344 blanc has_text_color separator_icon align_none\" itemscope itemtype=\"http:\/\/schema.org\/BreadcrumbList\"><div class=\"g-breadcrumbs-item\" itemscope itemprop=\"itemListElement\" itemtype=\"http:\/\/schema.org\/ListItem\"><a itemprop=\"item\" href=\"https:\/\/dqio.ub.edu\/en\/\"><span itemprop=\"name\">Home<\/span><\/a><meta itemprop=\"position\" content=\"1\"\/><\/div><div class=\"g-breadcrumbs-separator\"><i class=\"fas fa-fas fa-caret-right\"><\/i><\/div><div class=\"g-breadcrumbs-item\">Pages<\/div><\/nav><\/div><\/div><\/div><\/div><\/div><div class=\"wpb_column vc_column_container\"><div class=\"vc_column-inner\"><\/div><\/div><\/div><\/div><\/section><section class=\"l-section wpb_row height_auto width_full type_sticky\"><div class=\"l-section-h i-cf\"><div class=\"g-cols vc_row via_grid cols_1 laptops-cols_inherit tablets-cols_inherit mobiles-cols_1 valign_top type_default stacking_default\"><div class=\"wpb_column vc_column_container\"><div class=\"vc_column-inner\"><style data-type=\"us_custom-css\">.w-socials.social.color_brand.shape_square.style_colored.hover_none{display:flex;flex-direction:row-reverse}.alignleft{float:left;margin-right:6px!important;margin-bottom:2em}span.titol{font-size:20px;font-family:'Poppins';font-weight:700;color:#000000!important}.directori{display:flex;flex-direction:row-reverse;align-items:flex-start;align-content:flex-end;position:relative;top:13px}<\/style><section class=\"l-section wpb_row us_custom_f57310ee menu-organica height_auto width_full\"><div class=\"l-section-h i-cf\"><div class=\"g-cols vc_row via_grid cols_1 laptops-cols_inherit tablets-cols_inherit mobiles-cols_1 valign_middle type_default stacking_default\" style=\"--gap:0.4rem;\"><div class=\"wpb_column vc_column_container menu-organica\"><div class=\"vc_column-inner\"><div class=\"w-hwrapper valign_top stack_on_mobiles align_none\" style=\"--hwrapper-gap:0rem\"><div class=\"w-btn-wrapper align_center\"><a class=\"w-btn us-btn-style_4\" href=\"https:\/\/dqio.ub.edu\/en\/inorganic\/\"><span class=\"w-btn-label\">Inorganic Chemistry Section<\/span><\/a><\/div><div class=\"w-btn-wrapper align_center\"><a class=\"w-btn us-btn-style_4\" href=\"https:\/\/dqio.ub.edu\/en\/inorganic\/teaching\/\"><span class=\"w-btn-label\">Teaching<\/span><\/a><\/div><div class=\"w-btn-wrapper align_center\"><a class=\"w-btn us-btn-style_4\" href=\"https:\/\/dqio.ub.edu\/en\/inorganic\/teaching-staff\/\"><span class=\"w-btn-label\">Staff<\/span><\/a><\/div><div class=\"w-btn-wrapper align_center\"><a class=\"w-btn us-btn-style_4\" href=\"https:\/\/dqio.ub.edu\/en\/inorganic\/research\/\"><span class=\"w-btn-label\">Research<\/span><\/a><\/div><div class=\"w-btn-wrapper align_center\"><a class=\"w-btn us-btn-style_4\" href=\"https:\/\/dqio.ub.edu\/en\/inorganic\/news\/\"><span class=\"w-btn-label\">News and Events<\/span><\/a><\/div><div class=\"w-btn-wrapper align_center\"><a class=\"w-btn us-btn-style_4\" href=\"https:\/\/dqio.ub.edu\/en\/inorganic\/services\/\"><span class=\"w-btn-label\">Services<\/span><\/a><\/div><div class=\"w-btn-wrapper align_center\"><a class=\"w-btn us-btn-style_4\" href=\"https:\/\/dqio.ub.edu\/en\/inorganic\/intranet\/\"><span class=\"w-btn-label\">Intranet<\/span><\/a><\/div><\/div><\/div><\/div><\/div><\/div><\/section>\n<\/div><\/div><\/div><\/div><\/section><section class=\"l-section wpb_row us_custom_a8dba0e6 height_medium width_full\"><div class=\"l-section-h i-cf\"><div class=\"g-cols vc_row via_grid cols_1-4-1 laptops-cols_inherit tablets-cols_inherit mobiles-cols_1 valign_top type_default stacking_default\"><div class=\"wpb_column vc_column_container\"><div class=\"vc_column-inner\"><\/div><\/div><div class=\"wpb_column vc_column_container us_custom_693f4b1f\"><div class=\"vc_column-inner\"><div class=\"wpb_text_column us_custom_9875659d has_text_color\"><div class=\"wpb_wrapper\"><h4 style=\"text-align: center;\">Events<\/h4>\n<\/div><\/div><div class=\"w-separator size_medium with_line width_default thick_1 style_solid color_secondary align_center\"><div class=\"w-separator-h\"><\/div><\/div><div class=\"w-separator size_medium\"><\/div><div class=\"w-grid type_grid layout_4485\" id=\"us_grid_1\" style=\"--gap:1.5rem;\" data-filterable=\"true\"><style>.layout_4485 .w-grid-item-h{}.layout_4485 .usg_hwrapper_1{width:100%!important;background:#ffffff!important}.layout_4485 .usg_vwrapper_1{width:100%!important}.layout_4485 .usg_post_content_1{font-size:15px!important;width:100%!important;padding:29px!important}.layout_4485 .usg_post_taxonomy_1{width:120%!important;padding-left:25px!important;padding-top:25px!important;padding-bottom:0px!important}.layout_4485 .usg_hwrapper_2{width:100%!important}.layout_4485 .usg_html_1{color:#ffffff!important;text-align:center!important;font-size:20px!important;max-width:280px!important;min-width:200px!important;position:relative!important;top:0!important;right:0!important;padding:10px!important;background:#2e6da4!important}.layout_4485 .usg_post_image_1{width:30%!important;min-width:200px!important;padding:29px!important}@media (min-width:1025px) and (max-width:1440px){.layout_4485 .usg_html_1{color:#ffffff!important;text-align:center!important;font-size:20px!important;width:12%!important;max-width:20%!important}}@media (min-width:601px) and (max-width:1024px){.layout_4485 .usg_html_1{color:#ffffff!important;text-align:center!important;font-size:10px!important;width:24%!important;max-width:24%!important}}@media (max-width:600px){.layout_4485 .usg_html_1{color:#ffffff!important;text-align:center!important;font-size:10px!important;min-width:148px!important}}<\/style><div class=\"w-grid-list\">\t<article class=\"w-grid-item size_1x1 post-8295 post type-post status-publish format-standard hentry category-events-inorganic\" data-id=\"8295\">\r\n\t\t<div class=\"w-grid-item-h\">\r\n\t\t\t\t\t\t<div class=\"w-hwrapper usg_hwrapper_1 align_none valign_top\"><div class=\"w-vwrapper usg_vwrapper_1 align_none valign_top\"><div class=\"w-hwrapper usg_hwrapper_2 align_none valign_top\"><div class=\"w-post-elm post_taxonomy usg_post_taxonomy_1 style_badge color_link_inherit\"><span class=\"w-btn us-btn-style_1 term-224 term-events-inorganic\">Events inorganic<\/span><\/div><div class=\"w-html usg_html_1 has_text_color\">22 of May, 2026<\/div><\/div><div class=\"w-hwrapper usg_hwrapper_3 align_none valign_top stack_on_mobiles\"><div class=\"w-post-elm post_content usg_post_content_1 without_sections\"><h5>Seminaris del M\u00e0ster de Qu\u00edmica de Materials Aplicada Curs 2025\/2026<\/h5>\n<p><strong>Lloc<\/strong>: Aula Enric Casassas o Aula Eduard Fontser\u00e9 segons disponibilitat (consultar les pantalles de difusi\u00f3 de la Facultat de Qu\u00edmica per cada seminari concret).<\/p>\n<p><strong>Hora<\/strong>: 12h00-13h00<\/p>\n<h5><strong>Dia\u00a0 \u00a0 \u00a0 \u00a0 \u00a0 \u00a0 \u00a0 \u00a0 \u00a0 \u00a0 \u00a0 \u00a0 \u00a0 Ponent i Instituci\u00f3<\/strong><\/h5>\n<p><strong>17\/10\/25\u00a0 \u00a0 \u00a0 \u00a0 <\/strong>Richard Spontak, \u00a0North Carolina State University (USA)<\/p>\n<p><strong>24\/10\/25\u00a0 \u00a0 \u00a0 \u00a0 <\/strong>Elaine Armelin, \u00a0Universitat Polit\u00e8cnica de Catalunya<\/p>\n<p><strong>07\/11\/25\u00a0 \u00a0 \u00a0 \u00a0 <\/strong>Mar\u00eda Escudero, \u00a0Institut Catal\u00e0 de Nanoci\u00e8ncia i Nanotecnologia (ICN2)<\/p>\n<p><strong>21\/11\/25\u00a0 \u00a0 \u00a0 \u00a0 <\/strong>Francesc Illes, \u00a0Universitat de Barcelona<\/p>\n<p><strong>05\/12\/25\u00a0 \u00a0 \u00a0 \u00a0 <\/strong>Manel Mart\u00ednez, Universitat de Barcelona<\/p>\n<p><strong>19\/12\/25\u00a0 \u00a0 \u00a0 \u00a0 <\/strong>Pablo Guardia, Institut de Ci\u00e8ncia de Materials de Barcelona (ICMAB-CSIC)<\/p>\n<p><strong>20\/02\/26\u00a0 \u00a0 \u00a0 <\/strong>Beatriu Escuder, \u00a0Universitat Jaume I<\/p>\n<p><strong>06\/03\/26\u00a0 \u00a0 \u00a0 <\/strong>Jordi Fern\u00e1ndez, \u00a0Vibrantz<\/p>\n<p><strong>13\/03\/26\u00a0 \u00a0 \u00a0 \u00a0<\/strong>Sergi Cuesta, Vitsolc<\/p>\n<p><strong>27\/03\/26\u00a0 \u00a0 \u00a0 \u00a0<\/strong>M\u00f3nica Gim\u00e9nez-Marqu\u00e9s, \u00a0Institut de Ci\u00e8ncia Molecular (ICMOL)<\/p>\n<p><strong>10\/04\/26\u00a0 \u00a0 \u00a0 \u00a0<\/strong>Neus Bast\u00fas, Institut Catal\u00e0 de Nanoci\u00e8ncia i Nanotecnologia (ICN2)<\/p>\n<p><strong>24\/04\/26 <\/strong>\u00a0 \u00a0 \u00a0 TBA<\/p>\n<p><strong>08\/05\/26\u00a0 \u00a0 \u00a0 \u00a0<\/strong>Sara Rojas Mac\u00edas, \u00a0Universidad de Granada<\/p>\n<p><strong>22\/05\/26\u00a0 \u00a0 \u00a0 \u00a0<\/strong>Matteo Mannini, \u00a0Universit\u00e0 degli Studi di Firenze (Italia)<\/p>\n<\/div><\/div><\/div><\/div>\t\t<\/div>\r\n\t\t\t<\/article>\r\n\t<article class=\"w-grid-item size_1x1 post-8543 post type-post status-publish format-standard has-post-thumbnail hentry category-events-inorganic\" data-id=\"8543\">\r\n\t\t<div class=\"w-grid-item-h\">\r\n\t\t\t\t\t\t<div class=\"w-hwrapper usg_hwrapper_1 align_none valign_top\"><div class=\"w-vwrapper usg_vwrapper_1 align_none valign_top\"><div class=\"w-hwrapper usg_hwrapper_2 align_none valign_top\"><div class=\"w-post-elm post_taxonomy usg_post_taxonomy_1 style_badge color_link_inherit\"><span class=\"w-btn us-btn-style_1 term-224 term-events-inorganic\">Events inorganic<\/span><\/div><div class=\"w-html usg_html_1 has_text_color\">30 of June, 2026<\/div><\/div><div class=\"w-hwrapper usg_hwrapper_3 align_none valign_top stack_on_mobiles\"><div class=\"w-post-elm post_content usg_post_content_1 without_sections\"><div class=\"grayband-detail__basic-info\">\n<h5 class=\"mt-3 mt-xl-0 title\">Exhibition: 100 anys de la mec\u00e0nica qu\u00e0ntica (100 Years of Quantum Mechanics), 11\/ 12\/25 &#8211; 06\/30\/26<\/h5>\n<p>The Historic Collection of the CRAI Library at Physics and Chemistry organizes an annual exhibition dedicated to a specific topic. This year, it commemorates the 100th anniversary of the establishment of the foundations of quantum mechanics.<\/p>\n<p>In the summer of 1925, Werner Heisenberg proposed the first formulation of quantum theory \u2014 completed in the autumn of the same year by Max Born, Pascual Jordan, and Heisenberg himself, and independently by Paul Dirac \u2014 known as matrix mechanics. Starting in January 1926, Erwin Schr\u00f6dinger established an alternative formulation: wave mechanics.<\/p>\n<p>&nbsp;<\/p>\n<\/div>\n<div class=\"detail\">\n<div class=\"row detail-info mb-2 mb-lg-0\">\n<div class=\"col-12 col-lg-3 col-xl-2 detail-column\"><span class=\"detail-title\">Location: <\/span><span class=\"detail-text\">CRAI | Library at Physics and Chemistry<\/span><\/div>\n<\/div>\n<div class=\"row detail-info\">\n<div class=\"col-12 col-lg-3 col-xl-2\"><span class=\"detail-title\">Organized by: <\/span><span class=\"detail-text\">Historic Collection at the CRAI Library at Physics and Chemistry\u00a0<\/span><\/div>\n<div>Link: <a href=\"https:\/\/web.ub.edu\/en\/web\/actualitat\/w\/100-anys-mecanica-quantica?referer=agenda\">https:\/\/web.ub.edu\/en\/web\/actualitat\/w\/100-anys-mecanica-quantica?referer=agenda<\/a><\/div>\n<\/div>\n<\/div>\n<div class=\"grayband-detail__basic-info\">\n<p>&nbsp;<\/p>\n<\/div>\n<div class=\"detail\">\n<div class=\"row detail-info mb-2 mb-lg-0\"><\/div>\n<div class=\"row detail-info\">\n<div><\/div>\n<\/div>\n<\/div>\n<\/div><div class=\"w-post-elm post_image usg_post_image_1 has_width\"><img loading=\"lazy\" decoding=\"async\" width=\"325\" height=\"325\" src=\"https:\/\/dqio.ub.edu\/wp-content\/uploads\/2026\/03\/expoCRAI2026.png\" class=\"attachment-full size-full wp-post-image\" alt=\"\" srcset=\"https:\/\/dqio.ub.edu\/wp-content\/uploads\/2026\/03\/expoCRAI2026.png 325w, https:\/\/dqio.ub.edu\/wp-content\/uploads\/2026\/03\/expoCRAI2026-300x300.png 300w, https:\/\/dqio.ub.edu\/wp-content\/uploads\/2026\/03\/expoCRAI2026-150x150.png 150w\" sizes=\"auto, (max-width: 325px) 100vw, 325px\" \/><\/div><\/div><\/div><\/div>\t\t<\/div>\r\n\t\t\t<\/article>\r\n<\/div><div class=\"w-grid-preloader\">\t<div class=\"g-preloader type_1\">\r\n\t\t<div><\/div>\r\n\t<\/div>\r\n\t<\/div>\t<div class=\"w-grid-json hidden\" onclick='return {&quot;action&quot;:&quot;us_ajax_grid&quot;,&quot;infinite_scroll&quot;:0,&quot;max_num_pages&quot;:1,&quot;pagination&quot;:&quot;none&quot;,&quot;template_vars&quot;:{&quot;columns&quot;:&quot;1&quot;,&quot;exclude_items&quot;:&quot;none&quot;,&quot;img_size&quot;:&quot;default&quot;,&quot;ignore_items_size&quot;:0,&quot;items_layout&quot;:&quot;4485&quot;,&quot;items_offset&quot;:&quot;1&quot;,&quot;load_animation&quot;:&quot;none&quot;,&quot;overriding_link&quot;:&quot;%7B%22url%22%3A%22%22%7D&quot;,&quot;post_id&quot;:0,&quot;query_args&quot;:{&quot;post_type&quot;:[&quot;post&quot;],&quot;tax_query&quot;:[{&quot;taxonomy&quot;:&quot;category&quot;,&quot;field&quot;:&quot;slug&quot;,&quot;terms&quot;:[&quot;events-inorganic&quot;]}],&quot;post_status&quot;:[&quot;publish&quot;,&quot;acf-disabled&quot;],&quot;posts_per_page&quot;:999},&quot;orderby_query_args&quot;:{&quot;meta_query&quot;:{&quot;_orderby_custom_&quot;:{&quot;relation&quot;:&quot;OR&quot;,&quot;0&quot;:{&quot;compare&quot;:&quot;EXISTS&quot;,&quot;key&quot;:&quot;data&quot;,&quot;type&quot;:&quot;CHAR&quot;},&quot;1&quot;:{&quot;compare&quot;:&quot;NOT EXISTS&quot;,&quot;key&quot;:&quot;data&quot;,&quot;type&quot;:&quot;CHAR&quot;}}},&quot;orderby&quot;:&quot;data&quot;,&quot;order&quot;:&quot;ASC&quot;},&quot;type&quot;:&quot;grid&quot;,&quot;us_grid_ajax_index&quot;:1,&quot;us_grid_filter_params&quot;:[],&quot;us_grid_index&quot;:1,&quot;_us_grid_post_type&quot;:&quot;post&quot;,&quot;page_args&quot;:[],&quot;lang&quot;:&quot;en&quot;}}'><\/div>\r\n\t<\/div><\/div><\/div><div class=\"wpb_column vc_column_container us_custom_403f0015 has_bg_color\"><div class=\"vc_column-inner\"><div class=\"w-separator hide_on_default hide_on_laptops hide_on_tablets size_custom\" style=\"height:150px\"><\/div><\/div><\/div><\/div><\/div><\/section><section class=\"l-section wpb_row us_custom_a8dba0e6 height_medium width_full\"><div class=\"l-section-h i-cf\"><div class=\"g-cols vc_row via_grid cols_1-4-1 laptops-cols_inherit tablets-cols_inherit mobiles-cols_1 valign_top type_default stacking_default\"><div class=\"wpb_column vc_column_container\"><div class=\"vc_column-inner\"><\/div><\/div><div class=\"wpb_column vc_column_container us_custom_693f4b1f\"><div class=\"vc_column-inner\"><div class=\"wpb_text_column us_custom_9875659d has_text_color\"><div class=\"wpb_wrapper\"><h4 style=\"text-align: center;\">News<\/h4>\n<\/div><\/div><div class=\"w-separator size_medium with_line width_default thick_1 style_solid color_secondary align_center\"><div class=\"w-separator-h\"><\/div><\/div><div class=\"w-separator size_medium\"><\/div><div class=\"w-grid type_grid layout_4485\" id=\"us_grid_2\" style=\"--gap:1.5rem;\" data-filterable=\"true\"><div class=\"w-grid-list\">\t<article class=\"w-grid-item size_1x1 post-8493 post type-post status-publish format-standard has-post-thumbnail hentry category-inorganic-news-en\" data-id=\"8493\">\r\n\t\t<div class=\"w-grid-item-h\">\r\n\t\t\t\t\t\t<div class=\"w-hwrapper usg_hwrapper_1 align_none valign_top\"><div class=\"w-vwrapper usg_vwrapper_1 align_none valign_top\"><div class=\"w-hwrapper usg_hwrapper_2 align_none valign_top\"><div class=\"w-post-elm post_taxonomy usg_post_taxonomy_1 style_badge color_link_inherit\"><span class=\"w-btn us-btn-style_1 term-228 term-inorganic-news-en\">Inorganic News<\/span><\/div><div class=\"w-html usg_html_1 has_text_color\">9 of February, 2026<\/div><\/div><div class=\"w-hwrapper usg_hwrapper_3 align_none valign_top stack_on_mobiles\"><div class=\"w-post-elm post_content usg_post_content_1 without_sections\"><h5 class=\"novedad-title\">Quantum Tycoon, an educational video game to discover quantum computing<\/h5>\n<p>The Institute of Cosmos Sciences (ICCUB) and the Institute of Nanoscience and Nanotechnology (IN2UB) at the University of Barcelona have released\u00a0<a href=\"https:\/\/serviparticules.ub.edu\/materials\/aplicacions\/quantum-tycoon\">Quantum Tycoon<\/a>, an educational app that combines entertainment and scientific dissemination to bring quantum computing to the general public in an interactive and accessible way.<\/p>\n<p>More info: <a href=\"https:\/\/web.ub.edu\/en\/web\/actualitat\/w\/quantum-tycoon-educational-video?referer=noticies\" target=\"_blank\" rel=\"noopener\">https:\/\/web.ub.edu\/en\/web\/actualitat\/w\/quantum-tycoon-educational-video?referer=noticies<\/a><\/p>\n<\/div><div class=\"w-post-elm post_image usg_post_image_1 has_width\"><img loading=\"lazy\" decoding=\"async\" width=\"720\" height=\"510\" src=\"https:\/\/dqio.ub.edu\/wp-content\/uploads\/2026\/02\/quantumtycoonweb1.jpg\" class=\"attachment-full size-full wp-post-image\" alt=\"\" srcset=\"https:\/\/dqio.ub.edu\/wp-content\/uploads\/2026\/02\/quantumtycoonweb1.jpg 720w, https:\/\/dqio.ub.edu\/wp-content\/uploads\/2026\/02\/quantumtycoonweb1-300x213.jpg 300w\" sizes=\"auto, (max-width: 720px) 100vw, 720px\" \/><\/div><\/div><\/div><\/div>\t\t<\/div>\r\n\t\t\t<\/article>\r\n<\/div><div class=\"w-grid-preloader\">\t<div class=\"g-preloader type_1\">\r\n\t\t<div><\/div>\r\n\t<\/div>\r\n\t<\/div>\t<div class=\"w-grid-json hidden\" onclick='return {&quot;action&quot;:&quot;us_ajax_grid&quot;,&quot;infinite_scroll&quot;:0,&quot;max_num_pages&quot;:1,&quot;pagination&quot;:&quot;none&quot;,&quot;template_vars&quot;:{&quot;columns&quot;:&quot;1&quot;,&quot;exclude_items&quot;:&quot;none&quot;,&quot;img_size&quot;:&quot;default&quot;,&quot;ignore_items_size&quot;:0,&quot;items_layout&quot;:&quot;4485&quot;,&quot;items_offset&quot;:&quot;1&quot;,&quot;load_animation&quot;:&quot;none&quot;,&quot;overriding_link&quot;:&quot;%7B%22url%22%3A%22%22%7D&quot;,&quot;post_id&quot;:0,&quot;query_args&quot;:{&quot;post_type&quot;:[&quot;post&quot;],&quot;tax_query&quot;:[{&quot;taxonomy&quot;:&quot;category&quot;,&quot;field&quot;:&quot;slug&quot;,&quot;terms&quot;:[&quot;inorganic-news-en&quot;]}],&quot;post_status&quot;:[&quot;publish&quot;,&quot;acf-disabled&quot;],&quot;posts_per_page&quot;:&quot;10&quot;},&quot;orderby_query_args&quot;:{&quot;meta_query&quot;:{&quot;_orderby_custom_&quot;:{&quot;relation&quot;:&quot;OR&quot;,&quot;0&quot;:{&quot;compare&quot;:&quot;EXISTS&quot;,&quot;key&quot;:&quot;data&quot;,&quot;type&quot;:&quot;CHAR&quot;},&quot;1&quot;:{&quot;compare&quot;:&quot;NOT EXISTS&quot;,&quot;key&quot;:&quot;data&quot;,&quot;type&quot;:&quot;CHAR&quot;}}},&quot;orderby&quot;:&quot;data&quot;,&quot;order&quot;:&quot;DESC&quot;},&quot;type&quot;:&quot;grid&quot;,&quot;us_grid_ajax_index&quot;:2,&quot;us_grid_filter_params&quot;:[],&quot;us_grid_index&quot;:2,&quot;_us_grid_post_type&quot;:&quot;post&quot;,&quot;page_args&quot;:[],&quot;lang&quot;:&quot;en&quot;}}'><\/div>\r\n\t<\/div><\/div><\/div><div class=\"wpb_column vc_column_container us_custom_403f0015 has_bg_color\"><div class=\"vc_column-inner\"><div class=\"w-separator hide_on_default hide_on_laptops hide_on_tablets size_custom\" style=\"height:150px\"><\/div><\/div><\/div><\/div><\/div><\/section>\n","protected":false},"excerpt":{"rendered":"Quantum Tycoon, an educational video game to discover quantum computing The Institute of Cosmos Sciences (ICCUB) and the Institute of Nanoscience and Nanotechnology (IN2UB) at the University of Barcelona have released\u00a0Quantum Tycoon, an educational app that combines entertainment and scientific dissemination to bring quantum computing to the general public in an interactive and accessible way....","protected":false},"author":1,"featured_media":0,"parent":953,"menu_order":0,"comment_status":"closed","ping_status":"closed","template":"","meta":{"_acf_changed":false,"footnotes":""},"research_area":[],"class_list":["post-2008","page","type-page","status-publish","hentry"],"acf":[],"yoast_head":"<!-- This site is optimized with the Yoast SEO plugin v27.5 - https:\/\/yoast.com\/product\/yoast-seo-wordpress\/ -->\n<title>News and Events - Departament de Quimica Inorg\u00e0nica i Org\u00e0nica<\/title>\n<meta name=\"robots\" content=\"index, follow, max-snippet:-1, max-image-preview:large, max-video-preview:-1\" \/>\n<link rel=\"canonical\" href=\"https:\/\/dqio.ub.edu\/en\/inorganic\/news\/\" \/>\n<meta property=\"og:locale\" content=\"en_US\" \/>\n<meta property=\"og:type\" content=\"article\" \/>\n<meta property=\"og:title\" content=\"News and Events - Departament de Quimica Inorg\u00e0nica i Org\u00e0nica\" \/>\n<meta property=\"og:url\" content=\"https:\/\/dqio.ub.edu\/en\/inorganic\/news\/\" \/>\n<meta property=\"og:site_name\" content=\"Departament de Quimica Inorg\u00e0nica i Org\u00e0nica\" \/>\n<meta property=\"article:modified_time\" content=\"2025-05-12T10:10:44+00:00\" \/>\n<meta name=\"twitter:card\" content=\"summary_large_image\" \/>\n<meta name=\"twitter:label1\" content=\"Est. reading time\" \/>\n\t<meta name=\"twitter:data1\" content=\"1 minute\" \/>\n<script type=\"application\/ld+json\" class=\"yoast-schema-graph\">{\"@context\":\"https:\\\/\\\/schema.org\",\"@graph\":[{\"@type\":\"WebPage\",\"@id\":\"https:\\\/\\\/dqio.ub.edu\\\/en\\\/inorganic\\\/news\\\/\",\"url\":\"https:\\\/\\\/dqio.ub.edu\\\/en\\\/inorganic\\\/news\\\/\",\"name\":\"News and Events - Departament de Quimica Inorg\u00e0nica i Org\u00e0nica\",\"isPartOf\":{\"@id\":\"https:\\\/\\\/dqio.ub.edu\\\/#website\"},\"datePublished\":\"2023-11-21T07:53:52+00:00\",\"dateModified\":\"2025-05-12T10:10:44+00:00\",\"breadcrumb\":{\"@id\":\"https:\\\/\\\/dqio.ub.edu\\\/en\\\/inorganic\\\/news\\\/#breadcrumb\"},\"inLanguage\":\"en-US\",\"potentialAction\":[{\"@type\":\"ReadAction\",\"target\":[\"https:\\\/\\\/dqio.ub.edu\\\/en\\\/inorganic\\\/news\\\/\"]}]},{\"@type\":\"BreadcrumbList\",\"@id\":\"https:\\\/\\\/dqio.ub.edu\\\/en\\\/inorganic\\\/news\\\/#breadcrumb\",\"itemListElement\":[{\"@type\":\"ListItem\",\"position\":1,\"name\":\"Inici\",\"item\":\"https:\\\/\\\/dqio.ub.edu\\\/en\\\/\"},{\"@type\":\"ListItem\",\"position\":2,\"name\":\"Inorganic\",\"item\":\"https:\\\/\\\/dqio.ub.edu\\\/inorganica\\\/\"},{\"@type\":\"ListItem\",\"position\":3,\"name\":\"News and Events\"}]},{\"@type\":\"WebSite\",\"@id\":\"https:\\\/\\\/dqio.ub.edu\\\/#website\",\"url\":\"https:\\\/\\\/dqio.ub.edu\\\/\",\"name\":\"Departament de Quimica Inorg\u00e0nica i Org\u00e0nica\",\"description\":\"\",\"potentialAction\":[{\"@type\":\"SearchAction\",\"target\":{\"@type\":\"EntryPoint\",\"urlTemplate\":\"https:\\\/\\\/dqio.ub.edu\\\/?s={search_term_string}\"},\"query-input\":{\"@type\":\"PropertyValueSpecification\",\"valueRequired\":true,\"valueName\":\"search_term_string\"}}],\"inLanguage\":\"en-US\"}]}<\/script>\n<!-- \/ Yoast SEO plugin. -->","yoast_head_json":{"title":"News and Events - Departament de Quimica Inorg\u00e0nica i Org\u00e0nica","robots":{"index":"index","follow":"follow","max-snippet":"max-snippet:-1","max-image-preview":"max-image-preview:large","max-video-preview":"max-video-preview:-1"},"canonical":"https:\/\/dqio.ub.edu\/en\/inorganic\/news\/","og_locale":"en_US","og_type":"article","og_title":"News and Events - Departament de Quimica Inorg\u00e0nica i Org\u00e0nica","og_url":"https:\/\/dqio.ub.edu\/en\/inorganic\/news\/","og_site_name":"Departament de Quimica Inorg\u00e0nica i Org\u00e0nica","article_modified_time":"2025-05-12T10:10:44+00:00","twitter_card":"summary_large_image","twitter_misc":{"Est. reading time":"1 minute"},"schema":{"@context":"https:\/\/schema.org","@graph":[{"@type":"WebPage","@id":"https:\/\/dqio.ub.edu\/en\/inorganic\/news\/","url":"https:\/\/dqio.ub.edu\/en\/inorganic\/news\/","name":"News and Events - Departament de Quimica Inorg\u00e0nica i Org\u00e0nica","isPartOf":{"@id":"https:\/\/dqio.ub.edu\/#website"},"datePublished":"2023-11-21T07:53:52+00:00","dateModified":"2025-05-12T10:10:44+00:00","breadcrumb":{"@id":"https:\/\/dqio.ub.edu\/en\/inorganic\/news\/#breadcrumb"},"inLanguage":"en-US","potentialAction":[{"@type":"ReadAction","target":["https:\/\/dqio.ub.edu\/en\/inorganic\/news\/"]}]},{"@type":"BreadcrumbList","@id":"https:\/\/dqio.ub.edu\/en\/inorganic\/news\/#breadcrumb","itemListElement":[{"@type":"ListItem","position":1,"name":"Inici","item":"https:\/\/dqio.ub.edu\/en\/"},{"@type":"ListItem","position":2,"name":"Inorganic","item":"https:\/\/dqio.ub.edu\/inorganica\/"},{"@type":"ListItem","position":3,"name":"News and Events"}]},{"@type":"WebSite","@id":"https:\/\/dqio.ub.edu\/#website","url":"https:\/\/dqio.ub.edu\/","name":"Departament de Quimica Inorg\u00e0nica i Org\u00e0nica","description":"","potentialAction":[{"@type":"SearchAction","target":{"@type":"EntryPoint","urlTemplate":"https:\/\/dqio.ub.edu\/?s={search_term_string}"},"query-input":{"@type":"PropertyValueSpecification","valueRequired":true,"valueName":"search_term_string"}}],"inLanguage":"en-US"}]}},"_links":{"self":[{"href":"https:\/\/dqio.ub.edu\/en\/wp-json\/wp\/v2\/pages\/2008","targetHints":{"allow":["GET"]}}],"collection":[{"href":"https:\/\/dqio.ub.edu\/en\/wp-json\/wp\/v2\/pages"}],"about":[{"href":"https:\/\/dqio.ub.edu\/en\/wp-json\/wp\/v2\/types\/page"}],"author":[{"embeddable":true,"href":"https:\/\/dqio.ub.edu\/en\/wp-json\/wp\/v2\/users\/1"}],"replies":[{"embeddable":true,"href":"https:\/\/dqio.ub.edu\/en\/wp-json\/wp\/v2\/comments?post=2008"}],"version-history":[{"count":28,"href":"https:\/\/dqio.ub.edu\/en\/wp-json\/wp\/v2\/pages\/2008\/revisions"}],"predecessor-version":[{"id":7961,"href":"https:\/\/dqio.ub.edu\/en\/wp-json\/wp\/v2\/pages\/2008\/revisions\/7961"}],"up":[{"embeddable":true,"href":"https:\/\/dqio.ub.edu\/en\/wp-json\/wp\/v2\/pages\/953"}],"wp:attachment":[{"href":"https:\/\/dqio.ub.edu\/en\/wp-json\/wp\/v2\/media?parent=2008"}],"wp:term":[{"taxonomy":"research_area","embeddable":true,"href":"https:\/\/dqio.ub.edu\/en\/wp-json\/wp\/v2\/research_area?post=2008"}],"curies":[{"name":"wp","href":"https:\/\/api.w.org\/{rel}","templated":true}]}}