{"id":996,"date":"2023-10-19T09:15:50","date_gmt":"2023-10-19T07:15:50","guid":{"rendered":"http:\/\/10.101.240.49\/?page_id=996"},"modified":"2024-06-18T13:59:05","modified_gmt":"2024-06-18T11:59:05","slug":"services","status":"publish","type":"page","link":"https:\/\/dqio.ub.edu\/en\/organic\/services\/","title":{"rendered":"Services"},"content":{"rendered":"<section class=\"l-section wpb_row height_auto width_full with_slider\"><div class=\"l-section-slider\"><div class=\"w-slider style_none fit_cover\"><div class=\"w-slider-h\"><div class=\"royalSlider\"><div class=\"rsContent\"><a class=\"rsImg\" data-rsw=\"2560\" data-rsh=\"1706\" href=\"https:\/\/dqio.ub.edu\/wp-content\/uploads\/2024\/02\/serveis-scaled.jpg\"><span data-alt=\"\"><\/span><\/a><\/div><div class=\"rsContent\"><a class=\"rsImg\" data-rsw=\"2560\" data-rsh=\"1700\" href=\"https:\/\/dqio.ub.edu\/wp-content\/uploads\/2024\/02\/serveis-2-scaled.jpg\"><span data-alt=\"\"><\/span><\/a><\/div><\/div><img decoding=\"async\" src=\"https:\/\/dqio.ub.edu\/wp-content\/uploads\/2024\/02\/serveis-scaled.jpg\" width=\"2560\" height=\"1706\" alt loading=\"lazy\"><\/div><div class=\"w-slider-json\" onclick='return {&quot;autoScaleSlider&quot;:true,&quot;loop&quot;:true,&quot;fadeInLoadedSlide&quot;:false,&quot;slidesSpacing&quot;:0,&quot;imageScalePadding&quot;:0,&quot;numImagesToPreload&quot;:2,&quot;arrowsNav&quot;:false,&quot;arrowsNavAutoHide&quot;:false,&quot;transitionType&quot;:&quot;move&quot;,&quot;transitionSpeed&quot;:1000,&quot;block&quot;:{&quot;moveEffect&quot;:&quot;none&quot;,&quot;speed&quot;:300},&quot;thumbs&quot;:{&quot;fitInViewport&quot;:false},&quot;controlNavigation&quot;:&quot;none&quot;,&quot;autoplay&quot;:{&quot;enabled&quot;:true,&quot;pauseOnHover&quot;:false,&quot;delay&quot;:3000},&quot;imageScaleMode&quot;:&quot;fill&quot;,&quot;autoScaleSliderWidth&quot;:2560,&quot;autoScaleSliderHeight&quot;:1706}'><\/div><\/div><\/div><div class=\"l-section-overlay\" style=\"background:linear-gradient(100deg,#ffffff,rgba(255,255,255,0.00))\"><\/div><div class=\"l-section-h i-cf\"><div class=\"g-cols vc_row via_grid cols_2 laptops-cols_inherit tablets-cols_inherit mobiles-cols_1 valign_middle type_default stacking_default\"><div class=\"wpb_column vc_column_container\"><div class=\"vc_column-inner\"><div class=\"g-cols wpb_row faculty via_grid cols_1 laptops-cols_inherit tablets-cols_inherit mobiles-cols_1 valign_middle type_boxes stacking_default\" style=\"--gap:3rem;\"><div class=\"wpb_column vc_column_container\"><div class=\"vc_column-inner\"><div class=\"wpb_text_column us_custom_641bf2a8 has_text_color\"><div class=\"wpb_wrapper\"><h2>Department of<br \/>\nOrganic Chemistry<\/h2>\n<\/div><\/div><div class=\"w-separator size_small\"><\/div><nav class=\"g-breadcrumbs us_custom_01965e46 blau has_text_color separator_icon align_none\" itemscope itemtype=\"http:\/\/schema.org\/BreadcrumbList\"><div class=\"g-breadcrumbs-item\" itemscope itemprop=\"itemListElement\" itemtype=\"http:\/\/schema.org\/ListItem\"><a itemprop=\"item\" href=\"https:\/\/dqio.ub.edu\/en\/\"><span itemprop=\"name\">Home<\/span><\/a><meta itemprop=\"position\" content=\"1\"\/><\/div><div class=\"g-breadcrumbs-separator\"><i class=\"fas fa-fas fa-caret-right\"><\/i><\/div><div class=\"g-breadcrumbs-item\">Pages<\/div><\/nav><\/div><\/div><\/div><\/div><\/div><div class=\"wpb_column vc_column_container\"><div class=\"vc_column-inner\"><\/div><\/div><\/div><\/div><\/section><section class=\"l-section wpb_row height_auto width_full type_sticky\"><div class=\"l-section-h i-cf\"><div class=\"g-cols vc_row via_grid cols_1 laptops-cols_inherit tablets-cols_inherit mobiles-cols_1 valign_top type_default stacking_default\"><div class=\"wpb_column vc_column_container\"><div class=\"vc_column-inner\"><style data-type=\"us_custom-css\">.w-socials.color_brand.shape_square.style_default.hover_fade{display:flex;justify-content:flex-end}<\/style><section class=\"l-section wpb_row us_custom_f57310ee menu-organica height_auto width_full\"><div class=\"l-section-h i-cf\"><div class=\"g-cols vc_row via_grid cols_1 laptops-cols_inherit tablets-cols_inherit mobiles-cols_1 valign_middle type_default stacking_default\" style=\"--gap:0.4rem;\"><div class=\"wpb_column vc_column_container menu-organica\"><div class=\"vc_column-inner\"><div class=\"w-hwrapper valign_top stack_on_mobiles align_none\" style=\"--hwrapper-gap:0rem\"><div class=\"w-btn-wrapper align_center\"><a class=\"w-btn us-btn-style_3\" href=\"https:\/\/dqio.ub.edu\/en\/organic\/\"><span class=\"w-btn-label\">The Section<\/span><\/a><\/div><div class=\"w-btn-wrapper align_center\"><a class=\"w-btn us-btn-style_3\" href=\"https:\/\/dqio.ub.edu\/en\/organic\/teaching\/\"><span class=\"w-btn-label\">Teaching<\/span><\/a><\/div><div class=\"w-btn-wrapper align_center\"><a class=\"w-btn us-btn-style_3\" href=\"https:\/\/dqio.ub.edu\/en\/organic\/staff\"><span class=\"w-btn-label\">Staff<\/span><\/a><\/div><div class=\"w-btn-wrapper align_center\"><a class=\"w-btn us-btn-style_3\" href=\"https:\/\/dqio.ub.edu\/en\/organic\/research\/\"><span class=\"w-btn-label\">Research<\/span><\/a><\/div><div class=\"w-btn-wrapper align_center\"><a class=\"w-btn us-btn-style_3\" href=\"https:\/\/dqio.ub.edu\/en\/organic\/services\/\"><span class=\"w-btn-label\">Services<\/span><\/a><\/div><div class=\"w-btn-wrapper align_center\"><a class=\"w-btn us-btn-style_3\" href=\"https:\/\/dqio.ub.edu\/qo_intra\"><span class=\"w-btn-label\">Intranet<\/span><\/a><\/div><\/div><\/div><\/div><\/div><\/div><\/section>\n<\/div><\/div><\/div><\/div><\/section><section class=\"l-section wpb_row us_custom_75c85383 height_auto width_full\"><div class=\"l-section-overlay\" style=\"background:rgba(255,255,255,0.80)\"><\/div><div class=\"l-section-h i-cf\"><div class=\"g-cols vc_row via_grid cols_2 laptops-cols_inherit tablets-cols_inherit mobiles-cols_1 valign_top type_default stacking_default\"><div class=\"wpb_column vc_column_container\"><div class=\"vc_column-inner\"><div class=\"g-cols wpb_row research via_grid cols_1 laptops-cols_inherit tablets-cols_inherit mobiles-cols_1 valign_top type_boxes stacking_default\" style=\"--gap:3rem;\"><div class=\"wpb_column vc_column_container\"><div class=\"vc_column-inner\"><div class=\"w-separator size_medium\"><\/div><div class=\"wpb_text_column us_custom_641bf2a8 has_text_color\"><div class=\"wpb_wrapper\"><h3>Services<\/h3>\n<\/div><\/div><div class=\"w-separator size_medium\"><\/div><div class=\"wpb_text_column us_custom_461e7daa has_text_color\"><div class=\"wpb_wrapper\"><p>The Organic Chemistry Section offers researchers from the academic world and companies in our environment a scientific instrumentation and highly qualified technical staff for carrying out studies and projects.<\/p>\n<p>In particular, we offer services in:<\/p>\n<ul>\n<li>Gas Chromatography (GC) with FID and Mass detector (GC-MS).<\/li>\n<li>Liquid Chromatography (HPLC) with UV-Vis-PDA and Mass detector (HPLC-MS).<\/li>\n<li>UV-Visible-NIR spectroscopy<\/li>\n<li>IR-ATR spectroscopy.<\/li>\n<li>Fluorescence spectroscopy.<\/li>\n<li>Optical Rotation Polarimetry.<\/li>\n<li>Isothermal Titration Nanocalorimetry (NanoITC).<\/li>\n<li>Liophilization.<\/li>\n<li>Microwave Reactor.<\/li>\n<li>Ozonolysis.<\/li>\n<\/ul>\n<\/div><\/div><\/div><\/div><\/div><\/div><\/div><div class=\"wpb_column vc_column_container us_custom_289cda14\"><div class=\"vc_column-inner\"><div class=\"w-separator size_large\"><\/div><div class=\"g-cols wpb_row via_grid cols_1 laptops-cols_inherit tablets-cols_inherit mobiles-cols_1 valign_top type_boxes stacking_default\" style=\"--gap:0.3rem;\"><div class=\"wpb_column vc_column_container us_custom_ba0f41e2 has_bg_color\"><div class=\"vc_column-inner\"><div class=\"w-separator size_medium\"><\/div><div class=\"wpb_text_column\"><div class=\"wpb_wrapper\"><p>For more information, please contact the services:<\/p>\n<\/div><\/div><div class=\"w-separator size_small\"><\/div><div class=\"w-grid us_user_list type_grid layout_5084\" id=\"us_grid_ve25\" style=\"--gap:10px;\" data-filterable=\"true\"><style>.layout_5084 .w-grid-item-h{}.layout_5084 .usg_hwrapper_1{position:static!important;background:#ffffff!important}.layout_5084 .usg_vwrapper_2{font-size:1rem!important;font-family:poppins!important;width:100%!important;padding:30px!important}.layout_5084 .usg_vwrapper_1{width:20%!important;max-width:20%!important;min-width:120px!important}.layout_5084 .usg_user_data_1{font-size:1.5rem!important;line-height:1!important;font-weight:700!important;margin-bottom:0!important;padding-bottom:0!important}.layout_5084 .usg_user_data_4{font-size:1rem!important;font-family:Poppins!important;font-weight:700!important}.layout_5084 .usg_html_2{margin-top:0!important;margin-bottom:0!important}.layout_5084 .usg_hwrapper_2{margin-bottom:0!important}.layout_5084 .usg_user_data_5{font-size:1.5rem!important;font-weight:700!important}.layout_5084 .usg_image_2{max-width:20px!important;max-height:auto!important}.layout_5084 .usg_image_4{max-width:20px!important;max-height:auto!important}.layout_5084 .usg_image_1{max-width:20px!important;max-height:auto!important}.layout_5084 .usg_image_3{max-width:20px!important;max-height:auto!important}.layout_5084 .usg_image_5{max-width:20px!important;max-height:auto!important}.layout_5084 .usg_html_3{width:100%!important}.layout_5084 .usg_image_6{max-width:20px!important;max-height:auto!important}.layout_5084 .usg_html_6{width:100%!important}.layout_5084 .usg_html_7{margin-top:0!important;margin-bottom:0!important}.layout_5084 .usg_html_8{margin-top:0!important;margin-bottom:0!important}@media (min-width:1025px) and (max-width:1440px){.layout_5084 .usg_vwrapper_2{font-size:0.9rem!important;font-family:poppins!important;padding:20px!important}.layout_5084 .usg_user_data_1{font-size:1.5rem!important;line-height:1!important;font-weight:700!important}.layout_5084 .usg_user_data_4{font-size:1rem!important;font-family:Poppins!important;font-weight:700!important}.layout_5084 .usg_user_data_5{font-size:1.5rem!important;font-weight:700!important}}@media (min-width:601px) and (max-width:1024px){.layout_5084 .usg_vwrapper_2{font-size:0.8rem!important;font-family:poppins!important;padding:15px!important}.layout_5084 .usg_user_data_1{font-size:15px!important;line-height:1!important;font-weight:700!important}.layout_5084 .usg_user_data_4{font-size:12px!important;font-family:Poppins!important;font-weight:700!important}.layout_5084 .usg_user_data_5{font-size:15px!important;font-weight:700!important}}@media (max-width:600px){.layout_5084 .usg_vwrapper_2{font-size:0.7rem!important;font-family:poppins!important;padding:5px!important}.layout_5084 .usg_user_data_1{font-size:10px!important;line-height:1!important;font-weight:700!important}.layout_5084 .usg_user_data_4{font-size:12px!important;font-family:Poppins!important;font-weight:700!important}.layout_5084 .usg_user_data_5{font-size:10px!important;font-weight:700!important}}<\/style><div class=\"w-grid-list\"><div class=\"w-grid-item type_user user-60 ratio_custom\">\r\n\t<div class=\"w-grid-item-h\">\r\n\t\t\t\t<div class=\"w-hwrapper usg_hwrapper_1 layout_usuaris align_none valign_top\" style=\"--hwrapper-gap:0.2rem\"><div class=\"w-vwrapper usg_vwrapper_1 align_center valign_top\" style=\"--vwrapper-gap:0rem\"><div class=\"w-html usg_html_5\"><br\/><\/div><div class=\"w-user-elm picture usg_user_picture_2\" style=\"max-width:128px\"><img alt='' src='https:\/\/dqio.ub.edu\/wp-content\/uploads\/2024\/03\/Marti-225x300.jpg' srcset='https:\/\/dqio.ub.edu\/wp-content\/uploads\/2024\/03\/Marti-225x300.jpg 225w, https:\/\/dqio.ub.edu\/wp-content\/uploads\/2024\/03\/Marti.jpg 480w' class='avatar avatar-128 photo' height='128' width='128' \/><\/div><div class=\"w-html usg_html_1\"><br\/><\/div><a class=\"w-btn us-btn-style_1 usg_btn_1\" href=\"#\"><span class=\"w-btn-label\">Organic<\/span><\/a><\/div><div class=\"w-vwrapper usg_vwrapper_2 align_none valign_top\"><div class=\"w-hwrapper usg_hwrapper_2 align_left valign_middle\" style=\"--hwrapper-gap:0.3rem\"><p class=\"w-user-elm first_name usg_user_data_1\">Josep<\/p><p class=\"w-user-elm last_name usg_user_data_5\">Mart\u00ed Iba\u00f1ez<\/p><\/div><div class=\"w-html usg_html_2\"><hr\/><\/div><div class=\"w-user-elm custom usg_user_data_4 job_title_eng_acf\">Technician<\/div><div class=\"w-html usg_html_7\"><span class='cargo_prof'>Cap dels Serveis<\/span>&nbsp;<\/div><div class=\"w-html usg_html_8\"><br\/><\/div><div class=\"w-hwrapper usg_hwrapper_4 align_none valign_middle\" style=\"--hwrapper-gap:0.3rem\"><div class=\"w-image usg_image_4\"><div class=\"w-image-h\"><img decoding=\"async\" width=\"40\" height=\"39\" src=\"https:\/\/dqio.ub.edu\/wp-content\/uploads\/2023\/10\/@-2.png\" class=\"attachment-large size-large\" alt=\"\" loading=\"lazy\" \/><\/div><\/div><div class=\"w-user-elm user_email usg_user_data_2\"><a href=\"mailto:josep.marti@ub.edu\">josep.marti@ub.edu<\/a><\/div><\/div><div class=\"w-hwrapper usg_hwrapper_5 align_none valign_middle\" style=\"--hwrapper-gap:0.3rem\"><div class=\"w-image usg_image_1\"><div class=\"w-image-h\"><img decoding=\"async\" width=\"1024\" height=\"1024\" src=\"https:\/\/dqio.ub.edu\/wp-content\/uploads\/2023\/12\/sitio-web-2.svg\" class=\"attachment-large size-large\" alt=\"\" loading=\"lazy\" \/><\/div><\/div><\/div><div class=\"w-hwrapper usg_hwrapper_6 align_none valign_middle\" style=\"--hwrapper-gap:0.3rem\"><div class=\"w-image usg_image_3\"><div class=\"w-image-h\"><img decoding=\"async\" width=\"83\" height=\"83\" src=\"https:\/\/dqio.ub.edu\/wp-content\/uploads\/2023\/10\/telefono-movil-1.png\" class=\"attachment-large size-large\" alt=\"\" loading=\"lazy\" \/><\/div><\/div><div class=\"w-user-elm custom usg_user_data_7 phone_acf\"><a href=\"tel:+34 934 021 250\">+34 934 021 250<\/a><\/div><\/div><div class=\"w-hwrapper usg_hwrapper_3 align_none valign_middle\" style=\"--hwrapper-gap:0.3rem\"><div class=\"w-image usg_image_2\"><div class=\"w-image-h\"><img decoding=\"async\" width=\"40\" height=\"61\" src=\"https:\/\/dqio.ub.edu\/wp-content\/uploads\/2023\/10\/Vector-3.png\" class=\"attachment-large size-large\" alt=\"\" loading=\"lazy\" \/><\/div><\/div><div class=\"w-vwrapper usg_vwrapper_3 align_none valign_top\" style=\"--vwrapper-gap:0.1rem\"><div class=\"w-user-elm custom usg_user_data_12 address_acf\">Facultat de Qu\u00edmica, Planta 5, Carrer Mart\u00ed i Franqu\u00e8s 1-11<\/div><\/div><\/div><div class=\"w-hwrapper usg_hwrapper_7 align_none valign_middle\" style=\"--hwrapper-gap:0.3rem\"><div class=\"w-image usg_image_5\"><div class=\"w-image-h\"><img decoding=\"async\" width=\"1024\" height=\"1024\" src=\"https:\/\/dqio.ub.edu\/wp-content\/uploads\/2024\/03\/1024px-ORCID_iD.svg.png\" class=\"attachment-large size-large\" alt=\"\" loading=\"lazy\" srcset=\"https:\/\/dqio.ub.edu\/wp-content\/uploads\/2024\/03\/1024px-ORCID_iD.svg.png 1024w, https:\/\/dqio.ub.edu\/wp-content\/uploads\/2024\/03\/1024px-ORCID_iD.svg-300x300.png 300w, https:\/\/dqio.ub.edu\/wp-content\/uploads\/2024\/03\/1024px-ORCID_iD.svg-150x150.png 150w\" sizes=\"auto, (max-width: 1024px) 100vw, 1024px\" \/><\/div><\/div><\/div><div class=\"w-hwrapper usg_hwrapper_9 align_none valign_middle\" style=\"--hwrapper-gap:0.3rem\"><div class=\"w-image usg_image_6 usuari\"><div class=\"w-image-h\"><img decoding=\"async\" width=\"200\" height=\"200\" src=\"https:\/\/dqio.ub.edu\/wp-content\/uploads\/2024\/03\/1275988-200.png\" class=\"attachment-large size-large\" alt=\"\" loading=\"lazy\" srcset=\"https:\/\/dqio.ub.edu\/wp-content\/uploads\/2024\/03\/1275988-200.png 200w, https:\/\/dqio.ub.edu\/wp-content\/uploads\/2024\/03\/1275988-200-150x150.png 150w\" sizes=\"auto, (max-width: 200px) 100vw, 200px\" \/><\/div><\/div><div class=\"w-vwrapper usg_vwrapper_4 align_none valign_top\"><div class=\"w-html usg_html_4\"><\/div><\/div><\/div><div class=\"w-hwrapper usg_hwrapper_8 align_none valign_middle\" style=\"--hwrapper-gap:0.3rem\"><div class=\"w-html usg_html_6\"><\/div><\/div><div class=\"w-html usg_html_3\"><span class='categoria_prof'>T\u00e8cnics<\/span>&nbsp;<\/div><\/div><\/div>\t<\/div>\r\n\t<\/div>\r\n<\/div>\t<div class=\"w-grid-json hidden\" onclick='return {&quot;template_vars&quot;:{&quot;lang&quot;:&quot;en&quot;}}'><\/div>\r\n\t<\/div><\/div><\/div><\/div><\/div><\/div><\/div><\/div><\/section><section class=\"l-section wpb_row height_medium\"><div class=\"l-section-h i-cf\"><div class=\"g-cols vc_row via_grid cols_1 laptops-cols_inherit tablets-cols_inherit mobiles-cols_1 valign_top type_default stacking_default\"><div class=\"wpb_column vc_column_container\"><div class=\"vc_column-inner\"><div class=\"w-grid type_grid layout_gallery_default cols_4\" id=\"us_grid_1\" style=\"--gap:1.5rem;\" data-filterable=\"true\"><style>@media (max-width:1024px){#us_grid_1 .w-grid-item{width:50%}}@media (max-width:600px){#us_grid_1 .w-grid-list{margin:0}#us_grid_1 .w-grid-item{width:100%;padding:0;margin-bottom:var(--gap,0px)}}.layout_gallery_default .w-grid-item-h{}<\/style><div class=\"w-grid-list\">\t<article class=\"w-grid-item size_1x1 post-3205 attachment type-attachment status-inherit hentry\" data-id=\"3205\">\r\n\t\t<div class=\"w-grid-item-h\">\r\n\t\t\t\t\t\t<div class=\"w-post-elm post_image usg_post_image_1 stretched\"><img loading=\"lazy\" decoding=\"async\" width=\"640\" height=\"480\" src=\"https:\/\/dqio.ub.edu\/wp-content\/uploads\/2024\/03\/DSC_0664_2.jpg\" class=\"attachment-large size-large\" alt=\"\" srcset=\"https:\/\/dqio.ub.edu\/wp-content\/uploads\/2024\/03\/DSC_0664_2.jpg 640w, https:\/\/dqio.ub.edu\/wp-content\/uploads\/2024\/03\/DSC_0664_2-300x225.jpg 300w\" sizes=\"auto, (max-width: 640px) 100vw, 640px\" \/><\/div>\t\t<\/div>\r\n\t\t\t<\/article>\r\n\t<article class=\"w-grid-item size_1x1 post-3208 attachment type-attachment status-inherit hentry\" data-id=\"3208\">\r\n\t\t<div class=\"w-grid-item-h\">\r\n\t\t\t\t\t\t<div class=\"w-post-elm post_image usg_post_image_1 stretched\"><img loading=\"lazy\" decoding=\"async\" width=\"640\" height=\"480\" src=\"https:\/\/dqio.ub.edu\/wp-content\/uploads\/2024\/03\/DSC_0669_2.jpg\" class=\"attachment-large size-large\" alt=\"\" srcset=\"https:\/\/dqio.ub.edu\/wp-content\/uploads\/2024\/03\/DSC_0669_2.jpg 640w, https:\/\/dqio.ub.edu\/wp-content\/uploads\/2024\/03\/DSC_0669_2-300x225.jpg 300w\" sizes=\"auto, (max-width: 640px) 100vw, 640px\" \/><\/div>\t\t<\/div>\r\n\t\t\t<\/article>\r\n\t<article class=\"w-grid-item size_1x1 post-3199 attachment type-attachment status-inherit hentry\" data-id=\"3199\">\r\n\t\t<div class=\"w-grid-item-h\">\r\n\t\t\t\t\t\t<div class=\"w-post-elm post_image usg_post_image_1 stretched\"><img loading=\"lazy\" decoding=\"async\" width=\"640\" height=\"480\" src=\"https:\/\/dqio.ub.edu\/wp-content\/uploads\/2024\/03\/DSC_0659_2.jpg\" class=\"attachment-large size-large\" alt=\"\" srcset=\"https:\/\/dqio.ub.edu\/wp-content\/uploads\/2024\/03\/DSC_0659_2.jpg 640w, https:\/\/dqio.ub.edu\/wp-content\/uploads\/2024\/03\/DSC_0659_2-300x225.jpg 300w\" sizes=\"auto, (max-width: 640px) 100vw, 640px\" \/><\/div>\t\t<\/div>\r\n\t\t\t<\/article>\r\n\t<article class=\"w-grid-item size_1x1 post-3202 attachment type-attachment status-inherit hentry\" data-id=\"3202\">\r\n\t\t<div class=\"w-grid-item-h\">\r\n\t\t\t\t\t\t<div class=\"w-post-elm post_image usg_post_image_1 stretched\"><img loading=\"lazy\" decoding=\"async\" width=\"640\" height=\"480\" src=\"https:\/\/dqio.ub.edu\/wp-content\/uploads\/2024\/03\/DSC_0661_2.jpg\" class=\"attachment-large size-large\" alt=\"\" srcset=\"https:\/\/dqio.ub.edu\/wp-content\/uploads\/2024\/03\/DSC_0661_2.jpg 640w, https:\/\/dqio.ub.edu\/wp-content\/uploads\/2024\/03\/DSC_0661_2-300x225.jpg 300w\" sizes=\"auto, (max-width: 640px) 100vw, 640px\" \/><\/div>\t\t<\/div>\r\n\t\t\t<\/article>\r\n<\/div><div class=\"w-grid-preloader\">\t<div class=\"g-preloader type_1\">\r\n\t\t<div><\/div>\r\n\t<\/div>\r\n\t<\/div>\t<div class=\"w-grid-json hidden\" onclick='return {&quot;action&quot;:&quot;us_ajax_grid&quot;,&quot;infinite_scroll&quot;:0,&quot;max_num_pages&quot;:1,&quot;pagination&quot;:&quot;none&quot;,&quot;template_vars&quot;:{&quot;columns&quot;:&quot;4&quot;,&quot;exclude_items&quot;:&quot;none&quot;,&quot;img_size&quot;:&quot;default&quot;,&quot;ignore_items_size&quot;:0,&quot;items_layout&quot;:&quot;gallery_default&quot;,&quot;items_offset&quot;:&quot;1&quot;,&quot;load_animation&quot;:&quot;none&quot;,&quot;overriding_link&quot;:&quot;%7B%22url%22%3A%22%22%7D&quot;,&quot;post_id&quot;:0,&quot;query_args&quot;:{&quot;post_type&quot;:[&quot;attachment&quot;],&quot;post__in&quot;:[&quot;3198&quot;,&quot;3201&quot;,&quot;3204&quot;,&quot;3207&quot;],&quot;post_status&quot;:&quot;inherit&quot;,&quot;post_mime_type&quot;:&quot;image&quot;,&quot;posts_per_page&quot;:&quot;10&quot;},&quot;orderby_query_args&quot;:{&quot;orderby&quot;:{&quot;date&quot;:&quot;DESC&quot;}},&quot;type&quot;:&quot;grid&quot;,&quot;us_grid_ajax_index&quot;:1,&quot;us_grid_filter_params&quot;:[],&quot;us_grid_index&quot;:1,&quot;_us_grid_post_type&quot;:&quot;attachment&quot;,&quot;page_args&quot;:[],&quot;lang&quot;:&quot;en&quot;}}'><\/div>\r\n\t<\/div><\/div><\/div><\/div><\/div><\/section>\n","protected":false},"excerpt":{"rendered":"","protected":false},"author":1,"featured_media":0,"parent":983,"menu_order":0,"comment_status":"closed","ping_status":"closed","template":"","meta":{"_acf_changed":false,"footnotes":""},"research_area":[],"class_list":["post-996","page","type-page","status-publish","hentry"],"acf":[],"yoast_head":"<!-- This site is optimized with the Yoast SEO plugin v27.5 - https:\/\/yoast.com\/product\/yoast-seo-wordpress\/ -->\n<title>Services - Departament de Quimica Inorg\u00e0nica i Org\u00e0nica<\/title>\n<meta name=\"robots\" content=\"index, follow, max-snippet:-1, max-image-preview:large, max-video-preview:-1\" \/>\n<link rel=\"canonical\" href=\"https:\/\/dqio.ub.edu\/en\/organic\/services\/\" \/>\n<meta property=\"og:locale\" content=\"en_US\" \/>\n<meta property=\"og:type\" content=\"article\" \/>\n<meta property=\"og:title\" content=\"Services - Departament de Quimica Inorg\u00e0nica i Org\u00e0nica\" \/>\n<meta property=\"og:url\" content=\"https:\/\/dqio.ub.edu\/en\/organic\/services\/\" \/>\n<meta property=\"og:site_name\" content=\"Departament de Quimica Inorg\u00e0nica i Org\u00e0nica\" \/>\n<meta property=\"article:modified_time\" content=\"2024-06-18T11:59:05+00:00\" \/>\n<meta name=\"twitter:card\" content=\"summary_large_image\" \/>\n<meta name=\"twitter:label1\" content=\"Est. reading time\" \/>\n\t<meta name=\"twitter:data1\" content=\"1 minute\" \/>\n<script type=\"application\/ld+json\" class=\"yoast-schema-graph\">{\"@context\":\"https:\\\/\\\/schema.org\",\"@graph\":[{\"@type\":\"WebPage\",\"@id\":\"https:\\\/\\\/dqio.ub.edu\\\/en\\\/organic\\\/services\\\/\",\"url\":\"https:\\\/\\\/dqio.ub.edu\\\/en\\\/organic\\\/services\\\/\",\"name\":\"Services - Departament de Quimica Inorg\u00e0nica i Org\u00e0nica\",\"isPartOf\":{\"@id\":\"https:\\\/\\\/dqio.ub.edu\\\/#website\"},\"datePublished\":\"2023-10-19T07:15:50+00:00\",\"dateModified\":\"2024-06-18T11:59:05+00:00\",\"breadcrumb\":{\"@id\":\"https:\\\/\\\/dqio.ub.edu\\\/en\\\/organic\\\/services\\\/#breadcrumb\"},\"inLanguage\":\"en-US\",\"potentialAction\":[{\"@type\":\"ReadAction\",\"target\":[\"https:\\\/\\\/dqio.ub.edu\\\/en\\\/organic\\\/services\\\/\"]}]},{\"@type\":\"BreadcrumbList\",\"@id\":\"https:\\\/\\\/dqio.ub.edu\\\/en\\\/organic\\\/services\\\/#breadcrumb\",\"itemListElement\":[{\"@type\":\"ListItem\",\"position\":1,\"name\":\"Inici\",\"item\":\"https:\\\/\\\/dqio.ub.edu\\\/en\\\/\"},{\"@type\":\"ListItem\",\"position\":2,\"name\":\"Organic\",\"item\":\"https:\\\/\\\/dqio.ub.edu\\\/en\\\/organic\\\/\"},{\"@type\":\"ListItem\",\"position\":3,\"name\":\"Services\"}]},{\"@type\":\"WebSite\",\"@id\":\"https:\\\/\\\/dqio.ub.edu\\\/#website\",\"url\":\"https:\\\/\\\/dqio.ub.edu\\\/\",\"name\":\"Departament de Quimica Inorg\u00e0nica i Org\u00e0nica\",\"description\":\"\",\"potentialAction\":[{\"@type\":\"SearchAction\",\"target\":{\"@type\":\"EntryPoint\",\"urlTemplate\":\"https:\\\/\\\/dqio.ub.edu\\\/?s={search_term_string}\"},\"query-input\":{\"@type\":\"PropertyValueSpecification\",\"valueRequired\":true,\"valueName\":\"search_term_string\"}}],\"inLanguage\":\"en-US\"}]}<\/script>\n<!-- \/ Yoast SEO plugin. -->","yoast_head_json":{"title":"Services - Departament de Quimica Inorg\u00e0nica i Org\u00e0nica","robots":{"index":"index","follow":"follow","max-snippet":"max-snippet:-1","max-image-preview":"max-image-preview:large","max-video-preview":"max-video-preview:-1"},"canonical":"https:\/\/dqio.ub.edu\/en\/organic\/services\/","og_locale":"en_US","og_type":"article","og_title":"Services - Departament de Quimica Inorg\u00e0nica i Org\u00e0nica","og_url":"https:\/\/dqio.ub.edu\/en\/organic\/services\/","og_site_name":"Departament de Quimica Inorg\u00e0nica i Org\u00e0nica","article_modified_time":"2024-06-18T11:59:05+00:00","twitter_card":"summary_large_image","twitter_misc":{"Est. reading time":"1 minute"},"schema":{"@context":"https:\/\/schema.org","@graph":[{"@type":"WebPage","@id":"https:\/\/dqio.ub.edu\/en\/organic\/services\/","url":"https:\/\/dqio.ub.edu\/en\/organic\/services\/","name":"Services - Departament de Quimica Inorg\u00e0nica i Org\u00e0nica","isPartOf":{"@id":"https:\/\/dqio.ub.edu\/#website"},"datePublished":"2023-10-19T07:15:50+00:00","dateModified":"2024-06-18T11:59:05+00:00","breadcrumb":{"@id":"https:\/\/dqio.ub.edu\/en\/organic\/services\/#breadcrumb"},"inLanguage":"en-US","potentialAction":[{"@type":"ReadAction","target":["https:\/\/dqio.ub.edu\/en\/organic\/services\/"]}]},{"@type":"BreadcrumbList","@id":"https:\/\/dqio.ub.edu\/en\/organic\/services\/#breadcrumb","itemListElement":[{"@type":"ListItem","position":1,"name":"Inici","item":"https:\/\/dqio.ub.edu\/en\/"},{"@type":"ListItem","position":2,"name":"Organic","item":"https:\/\/dqio.ub.edu\/en\/organic\/"},{"@type":"ListItem","position":3,"name":"Services"}]},{"@type":"WebSite","@id":"https:\/\/dqio.ub.edu\/#website","url":"https:\/\/dqio.ub.edu\/","name":"Departament de Quimica Inorg\u00e0nica i Org\u00e0nica","description":"","potentialAction":[{"@type":"SearchAction","target":{"@type":"EntryPoint","urlTemplate":"https:\/\/dqio.ub.edu\/?s={search_term_string}"},"query-input":{"@type":"PropertyValueSpecification","valueRequired":true,"valueName":"search_term_string"}}],"inLanguage":"en-US"}]}},"_links":{"self":[{"href":"https:\/\/dqio.ub.edu\/en\/wp-json\/wp\/v2\/pages\/996","targetHints":{"allow":["GET"]}}],"collection":[{"href":"https:\/\/dqio.ub.edu\/en\/wp-json\/wp\/v2\/pages"}],"about":[{"href":"https:\/\/dqio.ub.edu\/en\/wp-json\/wp\/v2\/types\/page"}],"author":[{"embeddable":true,"href":"https:\/\/dqio.ub.edu\/en\/wp-json\/wp\/v2\/users\/1"}],"replies":[{"embeddable":true,"href":"https:\/\/dqio.ub.edu\/en\/wp-json\/wp\/v2\/comments?post=996"}],"version-history":[{"count":20,"href":"https:\/\/dqio.ub.edu\/en\/wp-json\/wp\/v2\/pages\/996\/revisions"}],"predecessor-version":[{"id":6983,"href":"https:\/\/dqio.ub.edu\/en\/wp-json\/wp\/v2\/pages\/996\/revisions\/6983"}],"up":[{"embeddable":true,"href":"https:\/\/dqio.ub.edu\/en\/wp-json\/wp\/v2\/pages\/983"}],"wp:attachment":[{"href":"https:\/\/dqio.ub.edu\/en\/wp-json\/wp\/v2\/media?parent=996"}],"wp:term":[{"taxonomy":"research_area","embeddable":true,"href":"https:\/\/dqio.ub.edu\/en\/wp-json\/wp\/v2\/research_area?post=996"}],"curies":[{"name":"wp","href":"https:\/\/api.w.org\/{rel}","templated":true}]}}