{"id":1053,"date":"2023-10-19T15:33:20","date_gmt":"2023-10-19T13:33:20","guid":{"rendered":"http:\/\/10.101.240.49\/?page_id=1053"},"modified":"2024-04-11T15:24:07","modified_gmt":"2024-04-11T13:24:07","slug":"inorganica","status":"publish","type":"page","link":"https:\/\/dqio.ub.edu\/es\/inorganica\/","title":{"rendered":"Inorg\u00e1nica"},"content":{"rendered":"<section class=\"l-section wpb_row us_custom_924bd5ce height_auto width_full with_slider\"><div class=\"l-section-slider\"><div class=\"w-slider style_none fit_cover\"><div class=\"w-slider-h\"><div class=\"royalSlider\"><div class=\"rsContent\"><a class=\"rsImg\" data-rsw=\"2560\" data-rsh=\"1707\" href=\"https:\/\/dqio.ub.edu\/wp-content\/uploads\/2024\/01\/equipo-laboratorio-quimica-quimica-fondo-analisis-abstracto-vaso-precipitados-bioquimica-1-scaled.jpg\"><span data-alt=\"\"><\/span><\/a><\/div><div class=\"rsContent\"><a class=\"rsImg\" data-rsw=\"2560\" data-rsh=\"1707\" href=\"https:\/\/dqio.ub.edu\/wp-content\/uploads\/2024\/03\/pexels-karolina-grabowska-8539752-scaled.jpg\"><span data-alt=\"\"><\/span><\/a><\/div><\/div><img decoding=\"async\" src=\"https:\/\/dqio.ub.edu\/wp-content\/uploads\/2024\/01\/equipo-laboratorio-quimica-quimica-fondo-analisis-abstracto-vaso-precipitados-bioquimica-1-scaled.jpg\" width=\"2560\" height=\"1707\" alt loading=\"lazy\"><\/div><div class=\"w-slider-json\" onclick='return {&quot;autoScaleSlider&quot;:true,&quot;loop&quot;:true,&quot;fadeInLoadedSlide&quot;:false,&quot;slidesSpacing&quot;:0,&quot;imageScalePadding&quot;:0,&quot;numImagesToPreload&quot;:2,&quot;arrowsNav&quot;:false,&quot;arrowsNavAutoHide&quot;:false,&quot;transitionType&quot;:&quot;fade&quot;,&quot;transitionSpeed&quot;:1000,&quot;block&quot;:{&quot;moveEffect&quot;:&quot;none&quot;,&quot;speed&quot;:300},&quot;thumbs&quot;:{&quot;fitInViewport&quot;:false},&quot;controlNavigation&quot;:&quot;none&quot;,&quot;autoplay&quot;:{&quot;enabled&quot;:true,&quot;pauseOnHover&quot;:false,&quot;delay&quot;:3000},&quot;imageScaleMode&quot;:&quot;fill&quot;,&quot;autoScaleSliderWidth&quot;:2560,&quot;autoScaleSliderHeight&quot;:1707}'><\/div><\/div><\/div><div class=\"l-section-h i-cf\"><div class=\"g-cols vc_row via_grid cols_2 laptops-cols_inherit tablets-cols_inherit mobiles-cols_1 valign_middle type_default stacking_default\"><div class=\"wpb_column vc_column_container\"><div class=\"vc_column-inner\"><div class=\"g-cols wpb_row faculty via_grid cols_1 laptops-cols_inherit tablets-cols_inherit mobiles-cols_1 valign_middle type_boxes stacking_default\" style=\"--gap:3rem;\"><div class=\"wpb_column vc_column_container\"><div class=\"vc_column-inner\"><div class=\"wpb_text_column us_custom_6df4bc3a has_text_color\"><div class=\"wpb_wrapper\"><h2>Secci\u00f3n de Qu\u00edmica<br \/>\nInorg\u00e1nica<\/h2>\n<\/div><\/div><div class=\"w-separator size_small\"><\/div><nav class=\"g-breadcrumbs us_custom_f2339839 blanc has_text_color separator_icon align_none\" itemscope itemtype=\"http:\/\/schema.org\/BreadcrumbList\"><div class=\"g-breadcrumbs-item\" itemscope itemprop=\"itemListElement\" itemtype=\"http:\/\/schema.org\/ListItem\"><a itemprop=\"item\" href=\"https:\/\/dqio.ub.edu\/es\/\"><span itemprop=\"name\">Home<\/span><\/a><meta itemprop=\"position\" content=\"1\"\/><\/div><div class=\"g-breadcrumbs-separator\"><i class=\"fas fa-fas fa-caret-right\"><\/i><\/div><div class=\"g-breadcrumbs-item\">P\u00e1ginas<\/div><\/nav><\/div><\/div><\/div><\/div><\/div><div class=\"wpb_column vc_column_container\"><div class=\"vc_column-inner\"><\/div><\/div><\/div><\/div><\/section><section class=\"l-section wpb_row us_custom_a7ea0d60 height_auto width_full type_sticky\"><div class=\"l-section-h i-cf\"><div class=\"g-cols vc_row via_grid cols_1 laptops-cols_inherit tablets-cols_inherit mobiles-cols_1 valign_top type_default stacking_default\"><div class=\"wpb_column vc_column_container\"><div class=\"vc_column-inner\"><style data-type=\"us_custom-css\">.w-socials.social.color_brand.shape_square.style_colored.hover_none{display:flex;flex-direction:row-reverse}.alignleft{float:left;margin-right:6px!important;margin-bottom:2em}span.titol{font-size:20px;font-family:'Poppins';font-weight:700;color:#000000!important}.directori{display:flex;flex-direction:row-reverse;align-items:flex-start;align-content:flex-end;position:relative;top:13px}<\/style><section class=\"l-section wpb_row us_custom_a9e9a444 menu-organica height_auto width_full\"><div class=\"l-section-h i-cf\"><div class=\"g-cols vc_row via_grid cols_1 laptops-cols_inherit tablets-cols_inherit mobiles-cols_1 valign_middle type_default stacking_default\" style=\"--gap:0.4rem;\"><div class=\"wpb_column vc_column_container menu-organica\"><div class=\"vc_column-inner\"><div class=\"w-hwrapper valign_top stack_on_mobiles align_none\" style=\"--hwrapper-gap:0rem\"><div class=\"w-btn-wrapper align_center\"><a class=\"w-btn us-btn-style_4\" href=\"https:\/\/dqio.ub.edu\/es\/inorganica\/\"><span class=\"w-btn-label\">Secci\u00f3n de Qu\u00edmica Inorg\u00e1nica<\/span><\/a><\/div><div class=\"w-btn-wrapper align_center\"><a class=\"w-btn us-btn-style_4\" href=\"https:\/\/dqio.ub.edu\/es\/inorganica\/docencia\/\"><span class=\"w-btn-label\">Docencia<\/span><\/a><\/div><div class=\"w-btn-wrapper align_center\"><a class=\"w-btn us-btn-style_4\" href=\"https:\/\/dqio.ub.edu\/es\/inorganica\/personal-seccion\/\"><span class=\"w-btn-label\">Personal secci\u00f3n<\/span><\/a><\/div><div class=\"w-btn-wrapper align_center\"><a class=\"w-btn us-btn-style_4\" href=\"https:\/\/dqio.ub.edu\/es\/inorganica\/investigacion\/\"><span class=\"w-btn-label\">Investigaci\u00f3n<\/span><\/a><\/div><div class=\"w-btn-wrapper align_center\"><a class=\"w-btn us-btn-style_4\" href=\"https:\/\/dqio.ub.edu\/es\/inorganica\/noticias\/\"><span class=\"w-btn-label\">Noticias y Eventos<\/span><\/a><\/div><div class=\"w-btn-wrapper align_center\"><a class=\"w-btn us-btn-style_4\" href=\"https:\/\/dqio.ub.edu\/es\/inorganica\/servicios\/\"><span class=\"w-btn-label\">Servicios<\/span><\/a><\/div><div class=\"w-btn-wrapper align_center\"><a class=\"w-btn us-btn-style_4\" href=\"https:\/\/dqio.ub.edu\/es\/inorganica\/intranet\/\"><span class=\"w-btn-label\">Intranet<\/span><\/a><\/div><\/div><\/div><\/div><\/div><\/div><\/section>\n<\/div><\/div><\/div><\/div><\/section><section class=\"l-section wpb_row us_custom_62b1a704 height_medium\"><div class=\"l-section-h i-cf\"><div class=\"g-cols vc_row via_grid cols_1 laptops-cols_inherit tablets-cols_inherit mobiles-cols_1 valign_top type_default stacking_default\"><div class=\"wpb_column vc_column_container\"><div class=\"vc_column-inner\"><div class=\"wpb_text_column us_custom_6df4bc3a has_text_color\"><div class=\"wpb_wrapper\"><h4 style=\"text-align: center;\">La secci\u00f3n de Qu\u00edmica Inorg\u00e1nica<\/h4>\n<\/div><\/div><div class=\"w-separator size_medium\"><\/div><div class=\"g-cols wpb_row via_grid cols_1 laptops-cols_inherit tablets-cols_inherit mobiles-cols_1 valign_top type_default stacking_default\" style=\"--gap:3rem;\"><div class=\"wpb_column vc_column_container\"><div class=\"vc_column-inner\"><div class=\"wpb_text_column us_custom_f2339839 has_text_color\"><div class=\"wpb_wrapper\"><p>El Departamento de Qu\u00edmica Inorg\u00e1nica de la UB se constituy\u00f3 en 1966 y es el heredero natural de la primera c\u00e1tedra de Qu\u00edmica Inorg\u00e1nica de la Universidad de Barcelona, instaurada el 1879 y ocupada por el Dr. Eugenio Mascare\u00f1as Hern\u00e1ndez, quien fue el introductor de la Tabla peri\u00f3dica en Espa\u00f1a. Inicialmente formaba parte de la Facultad de Ciencias y a partir de 1973, cuando esta Facultad se desdobla en cinco nuevas facultades, se integr\u00f3 en la Facultad de Qu\u00edmica.<\/p>\n<p>El a\u00f1o 1985, en aplicaci\u00f3n de los nuevos Estatutos de la UB, se fusion\u00f3 con el Departamento hom\u00f3nimo de la Facultad de Farmacia, dando lugar as\u00ed a un \u00fanico Departamento de Qu\u00edmica Inorg\u00e1nica en la Universidad de Barcelona, y situado a las dos Facultados.<\/p>\n<p>En 2016 despu\u00e9s de una reforma de las estructuras acad\u00e9micas y de organizaci\u00f3n administrativa de la UB, se cre\u00f3 el Departamento de Qu\u00edmica Inorg\u00e1nica y Org\u00e1nica con dos secciones departamentales: Secci\u00f3n de Qu\u00edmica Inorg\u00e1nica y Secci\u00f3n de Qu\u00edmica Org\u00e1nica. Actualmente, la Secci\u00f3n de Qu\u00edmica Inorg\u00e1nica est\u00e1 implicada en la docencia de varias ense\u00f1anzas de grado, as\u00ed como de posgrado tanto en M\u00e1steres como en Programas de Doctorado.<\/p>\n<p>Su actividad de investigaci\u00f3n est\u00e1 estructurada en grupos de trabajo, los cuales se interesan por campos muy diversos, tanto en los aspectos experimentales como te\u00f3ricos, propios de la Qu\u00edmica Inorg\u00e1nica, como son: compuestos de coordinaci\u00f3n, compuestos organomet\u00e1licos, bioinorg\u00e1nica , sistemas supramoleculares, estado s\u00f3lido, materiales catal\u00edticos, materiales multifuncionales, materiales nanoestructurados y mecanismos de reacci\u00f3n.<\/p>\n<\/div><\/div><\/div><\/div><\/div><\/div><\/div><\/div><\/div><\/section>\n","protected":false},"excerpt":{"rendered":"Secci\u00f3n de Qu\u00edmica Inorg\u00e1nica HomeP\u00e1ginasSecci\u00f3n de Qu\u00edmica Inorg\u00e1nicaDocenciaPersonal secci\u00f3nInvestigaci\u00f3nNoticias y EventosServiciosIntranet La secci\u00f3n de Qu\u00edmica Inorg\u00e1nica El Departamento de Qu\u00edmica Inorg\u00e1nica de la UB se constituy\u00f3 en 1966 y es el heredero natural de la primera c\u00e1tedra de Qu\u00edmica Inorg\u00e1nica de la Universidad de Barcelona, instaurada el 1879 y ocupada por el Dr. Eugenio Mascare\u00f1as...","protected":false},"author":1,"featured_media":0,"parent":0,"menu_order":0,"comment_status":"closed","ping_status":"closed","template":"","meta":{"_acf_changed":false,"footnotes":""},"research_area":[],"class_list":["post-1053","page","type-page","status-publish","hentry"],"acf":[],"yoast_head":"<!-- This site is optimized with the Yoast SEO plugin v27.3 - https:\/\/yoast.com\/product\/yoast-seo-wordpress\/ -->\n<title>Inorg\u00e1nica - Departament de Quimica Inorg\u00e0nica i Org\u00e0nica<\/title>\n<meta name=\"robots\" content=\"index, follow, max-snippet:-1, max-image-preview:large, max-video-preview:-1\" \/>\n<link rel=\"canonical\" href=\"https:\/\/dqio.ub.edu\/inorganica\/\" \/>\n<meta property=\"og:locale\" content=\"es_ES\" \/>\n<meta property=\"og:type\" content=\"article\" \/>\n<meta property=\"og:title\" content=\"Inorg\u00e1nica - Departament de Quimica Inorg\u00e0nica i Org\u00e0nica\" \/>\n<meta property=\"og:url\" content=\"https:\/\/dqio.ub.edu\/inorganica\/\" \/>\n<meta property=\"og:site_name\" content=\"Departament de Quimica Inorg\u00e0nica i Org\u00e0nica\" \/>\n<meta property=\"article:modified_time\" content=\"2024-04-11T13:24:07+00:00\" \/>\n<meta name=\"twitter:card\" content=\"summary_large_image\" \/>\n<meta name=\"twitter:label1\" content=\"Tiempo de lectura\" \/>\n\t<meta name=\"twitter:data1\" content=\"2 minutos\" \/>\n<script type=\"application\/ld+json\" class=\"yoast-schema-graph\">{\"@context\":\"https:\\\/\\\/schema.org\",\"@graph\":[{\"@type\":\"WebPage\",\"@id\":\"https:\\\/\\\/dqio.ub.edu\\\/inorganica\\\/\",\"url\":\"https:\\\/\\\/dqio.ub.edu\\\/inorganica\\\/\",\"name\":\"Inorg\u00e1nica - Departament de Quimica Inorg\u00e0nica i Org\u00e0nica\",\"isPartOf\":{\"@id\":\"https:\\\/\\\/dqio.ub.edu\\\/#website\"},\"datePublished\":\"2023-10-19T13:33:20+00:00\",\"dateModified\":\"2024-04-11T13:24:07+00:00\",\"breadcrumb\":{\"@id\":\"https:\\\/\\\/dqio.ub.edu\\\/inorganica\\\/#breadcrumb\"},\"inLanguage\":\"es\",\"potentialAction\":[{\"@type\":\"ReadAction\",\"target\":[\"https:\\\/\\\/dqio.ub.edu\\\/inorganica\\\/\"]}]},{\"@type\":\"BreadcrumbList\",\"@id\":\"https:\\\/\\\/dqio.ub.edu\\\/inorganica\\\/#breadcrumb\",\"itemListElement\":[{\"@type\":\"ListItem\",\"position\":1,\"name\":\"Inici\",\"item\":\"https:\\\/\\\/dqio.ub.edu\\\/es\\\/\"},{\"@type\":\"ListItem\",\"position\":2,\"name\":\"Inorg\u00e1nica\"}]},{\"@type\":\"WebSite\",\"@id\":\"https:\\\/\\\/dqio.ub.edu\\\/#website\",\"url\":\"https:\\\/\\\/dqio.ub.edu\\\/\",\"name\":\"Departament de Quimica Inorg\u00e0nica i Org\u00e0nica\",\"description\":\"\",\"potentialAction\":[{\"@type\":\"SearchAction\",\"target\":{\"@type\":\"EntryPoint\",\"urlTemplate\":\"https:\\\/\\\/dqio.ub.edu\\\/?s={search_term_string}\"},\"query-input\":{\"@type\":\"PropertyValueSpecification\",\"valueRequired\":true,\"valueName\":\"search_term_string\"}}],\"inLanguage\":\"es\"}]}<\/script>\n<!-- \/ Yoast SEO plugin. -->","yoast_head_json":{"title":"Inorg\u00e1nica - Departament de Quimica Inorg\u00e0nica i Org\u00e0nica","robots":{"index":"index","follow":"follow","max-snippet":"max-snippet:-1","max-image-preview":"max-image-preview:large","max-video-preview":"max-video-preview:-1"},"canonical":"https:\/\/dqio.ub.edu\/inorganica\/","og_locale":"es_ES","og_type":"article","og_title":"Inorg\u00e1nica - Departament de Quimica Inorg\u00e0nica i Org\u00e0nica","og_url":"https:\/\/dqio.ub.edu\/inorganica\/","og_site_name":"Departament de Quimica Inorg\u00e0nica i Org\u00e0nica","article_modified_time":"2024-04-11T13:24:07+00:00","twitter_card":"summary_large_image","twitter_misc":{"Tiempo de lectura":"2 minutos"},"schema":{"@context":"https:\/\/schema.org","@graph":[{"@type":"WebPage","@id":"https:\/\/dqio.ub.edu\/inorganica\/","url":"https:\/\/dqio.ub.edu\/inorganica\/","name":"Inorg\u00e1nica - Departament de Quimica Inorg\u00e0nica i Org\u00e0nica","isPartOf":{"@id":"https:\/\/dqio.ub.edu\/#website"},"datePublished":"2023-10-19T13:33:20+00:00","dateModified":"2024-04-11T13:24:07+00:00","breadcrumb":{"@id":"https:\/\/dqio.ub.edu\/inorganica\/#breadcrumb"},"inLanguage":"es","potentialAction":[{"@type":"ReadAction","target":["https:\/\/dqio.ub.edu\/inorganica\/"]}]},{"@type":"BreadcrumbList","@id":"https:\/\/dqio.ub.edu\/inorganica\/#breadcrumb","itemListElement":[{"@type":"ListItem","position":1,"name":"Inici","item":"https:\/\/dqio.ub.edu\/es\/"},{"@type":"ListItem","position":2,"name":"Inorg\u00e1nica"}]},{"@type":"WebSite","@id":"https:\/\/dqio.ub.edu\/#website","url":"https:\/\/dqio.ub.edu\/","name":"Departament de Quimica Inorg\u00e0nica i Org\u00e0nica","description":"","potentialAction":[{"@type":"SearchAction","target":{"@type":"EntryPoint","urlTemplate":"https:\/\/dqio.ub.edu\/?s={search_term_string}"},"query-input":{"@type":"PropertyValueSpecification","valueRequired":true,"valueName":"search_term_string"}}],"inLanguage":"es"}]}},"_links":{"self":[{"href":"https:\/\/dqio.ub.edu\/es\/wp-json\/wp\/v2\/pages\/1053","targetHints":{"allow":["GET"]}}],"collection":[{"href":"https:\/\/dqio.ub.edu\/es\/wp-json\/wp\/v2\/pages"}],"about":[{"href":"https:\/\/dqio.ub.edu\/es\/wp-json\/wp\/v2\/types\/page"}],"author":[{"embeddable":true,"href":"https:\/\/dqio.ub.edu\/es\/wp-json\/wp\/v2\/users\/1"}],"replies":[{"embeddable":true,"href":"https:\/\/dqio.ub.edu\/es\/wp-json\/wp\/v2\/comments?post=1053"}],"version-history":[{"count":30,"href":"https:\/\/dqio.ub.edu\/es\/wp-json\/wp\/v2\/pages\/1053\/revisions"}],"predecessor-version":[{"id":5944,"href":"https:\/\/dqio.ub.edu\/es\/wp-json\/wp\/v2\/pages\/1053\/revisions\/5944"}],"wp:attachment":[{"href":"https:\/\/dqio.ub.edu\/es\/wp-json\/wp\/v2\/media?parent=1053"}],"wp:term":[{"taxonomy":"research_area","embeddable":true,"href":"https:\/\/dqio.ub.edu\/es\/wp-json\/wp\/v2\/research_area?post=1053"}],"curies":[{"name":"wp","href":"https:\/\/api.w.org\/{rel}","templated":true}]}}