{"id":1083,"date":"2023-10-18T13:51:15","date_gmt":"2023-10-18T11:51:15","guid":{"rendered":"http:\/\/10.101.240.49\/?page_id=1083"},"modified":"2025-07-01T15:28:54","modified_gmt":"2025-07-01T13:28:54","slug":"docencia","status":"publish","type":"page","link":"https:\/\/dqio.ub.edu\/es\/organica\/docencia\/","title":{"rendered":"Docencia"},"content":{"rendered":"<section class=\"l-section wpb_row height_auto width_full with_slider\"><div class=\"l-section-slider\"><div class=\"w-slider style_none fit_cover\"><div class=\"w-slider-h\"><div class=\"royalSlider\"><div class=\"rsContent\"><a class=\"rsImg\" data-rsw=\"2560\" data-rsh=\"1706\" href=\"https:\/\/dqio.ub.edu\/wp-content\/uploads\/2023\/11\/DSC_0278_2_e-scaled.jpg\"><span data-alt=\"\"><\/span><\/a><\/div><\/div><img decoding=\"async\" src=\"https:\/\/dqio.ub.edu\/wp-content\/uploads\/2023\/11\/DSC_0278_2_e-scaled.jpg\" width=\"2560\" height=\"1706\" alt loading=\"lazy\"><\/div><div class=\"w-slider-json\" onclick='return {&quot;autoScaleSlider&quot;:true,&quot;loop&quot;:true,&quot;fadeInLoadedSlide&quot;:false,&quot;slidesSpacing&quot;:0,&quot;imageScalePadding&quot;:0,&quot;numImagesToPreload&quot;:2,&quot;arrowsNav&quot;:false,&quot;arrowsNavAutoHide&quot;:false,&quot;transitionType&quot;:&quot;move&quot;,&quot;transitionSpeed&quot;:1000,&quot;block&quot;:{&quot;moveEffect&quot;:&quot;none&quot;,&quot;speed&quot;:300},&quot;thumbs&quot;:{&quot;fitInViewport&quot;:false},&quot;controlNavigation&quot;:&quot;none&quot;,&quot;autoplay&quot;:{&quot;enabled&quot;:true,&quot;pauseOnHover&quot;:false,&quot;delay&quot;:3000},&quot;imageScaleMode&quot;:&quot;fill&quot;,&quot;autoScaleSliderWidth&quot;:2560,&quot;autoScaleSliderHeight&quot;:1706}'><\/div><\/div><\/div><div class=\"l-section-overlay\" style=\"background:linear-gradient(90deg,rgba(255,255,255,0.9),rgba(255,255,255,0.00))\"><\/div><div class=\"l-section-h i-cf\"><div class=\"g-cols vc_row via_grid cols_2 laptops-cols_inherit tablets-cols_inherit mobiles-cols_1 valign_middle type_default stacking_default\"><div class=\"wpb_column vc_column_container us_custom_0ccc3812\"><div class=\"vc_column-inner\"><div class=\"g-cols wpb_row us_custom_2b697d35 faculty via_grid cols_1 laptops-cols_inherit tablets-cols_inherit mobiles-cols_1 valign_middle type_boxes stacking_default\" style=\"--gap:3rem;\"><div class=\"wpb_column vc_column_container us_custom_0ccc3812\"><div class=\"vc_column-inner\"><div class=\"wpb_text_column us_custom_641bf2a8 has_text_color\"><div class=\"wpb_wrapper\"><h2>Secci\u00f3n de<br \/>\nQu\u00edmica Org\u00e1nica<\/h2>\n<\/div><\/div><div class=\"w-separator size_small\"><\/div><nav class=\"g-breadcrumbs us_custom_16a9253b blau has_text_color separator_icon align_none\" itemscope itemtype=\"http:\/\/schema.org\/BreadcrumbList\"><div class=\"g-breadcrumbs-item\" itemscope itemprop=\"itemListElement\" itemtype=\"http:\/\/schema.org\/ListItem\"><a itemprop=\"item\" href=\"https:\/\/dqio.ub.edu\/es\/\"><span itemprop=\"name\">Home<\/span><\/a><meta itemprop=\"position\" content=\"1\"\/><\/div><div class=\"g-breadcrumbs-separator\"><i class=\"fas fa-caret-right\"><\/i><\/div><div class=\"g-breadcrumbs-item\">P\u00e1ginas<\/div><\/nav><\/div><\/div><\/div><\/div><\/div><div class=\"wpb_column vc_column_container\"><div class=\"vc_column-inner\"><\/div><\/div><\/div><\/div><\/section><section class=\"l-section wpb_row height_auto width_full type_sticky\"><div class=\"l-section-h i-cf\"><div class=\"g-cols vc_row via_grid cols_1 laptops-cols_inherit tablets-cols_inherit mobiles-cols_1 valign_top type_default stacking_default\"><div class=\"wpb_column vc_column_container\"><div class=\"vc_column-inner\"><style data-type=\"us_custom-css\">.w-socials.color_brand.shape_square.style_default.hover_fade{display:flex;justify-content:flex-end}<\/style><section class=\"l-section wpb_row us_custom_f57310ee menu-organica height_auto width_full\"><div class=\"l-section-h i-cf\"><div class=\"g-cols vc_row via_grid cols_1 laptops-cols_inherit tablets-cols_inherit mobiles-cols_1 valign_middle type_default stacking_default\" style=\"--gap:0.4rem;\"><div class=\"wpb_column vc_column_container menu-organica\"><div class=\"vc_column-inner\"><div class=\"w-hwrapper valign_top stack_on_mobiles align_none\" style=\"--hwrapper-gap:0rem\"><div class=\"w-btn-wrapper align_center\"><a class=\"w-btn us-btn-style_3\" href=\"https:\/\/dqio.ub.edu\/es\/organica\/\"><span class=\"w-btn-label\">La Secci\u00f3n<\/span><\/a><\/div><div class=\"w-btn-wrapper align_center\"><a class=\"w-btn us-btn-style_3\" href=\"https:\/\/dqio.ub.edu\/es\/organica\/docencia\/\"><span class=\"w-btn-label\">Docencia<\/span><\/a><\/div><div class=\"w-btn-wrapper align_center\"><a class=\"w-btn us-btn-style_3\" href=\"https:\/\/dqio.ub.edu\/es\/organica\/personal\"><span class=\"w-btn-label\">Personal<\/span><\/a><\/div><div class=\"w-btn-wrapper align_center\"><a class=\"w-btn us-btn-style_3\" href=\"https:\/\/dqio.ub.edu\/es\/organica\/investigacion\/\"><span class=\"w-btn-label\">Investigaci\u00f3n<\/span><\/a><\/div><div class=\"w-btn-wrapper align_center\"><a class=\"w-btn us-btn-style_3\" href=\"https:\/\/dqio.ub.edu\/es\/organica\/servicios\/\"><span class=\"w-btn-label\">Servicios<\/span><\/a><\/div><div class=\"w-btn-wrapper align_center\"><a class=\"w-btn us-btn-style_3\" href=\"https:\/\/dqio.ub.edu\/qo_intra\"><span class=\"w-btn-label\">Intranet<\/span><\/a><\/div><\/div><\/div><\/div><\/div><\/div><\/section>\n<\/div><\/div><\/div><\/div><\/section><section class=\"l-section wpb_row height_medium width_full\" id=\"bachelors\"><div class=\"l-section-h i-cf\"><div class=\"g-cols vc_row via_grid cols_1 laptops-cols_inherit tablets-cols_inherit mobiles-cols_1 valign_top type_boxes stacking_default\"><div class=\"wpb_column vc_column_container\"><div class=\"vc_column-inner\"><div class=\"g-cols wpb_row via_grid cols_1-4-1 laptops-cols_inherit tablets-cols_inherit mobiles-cols_1 valign_top type_default stacking_default\" style=\"--gap:3rem;\"><div class=\"wpb_column vc_column_container\"><div class=\"vc_column-inner\"><\/div><\/div><div class=\"wpb_column vc_column_container\"><div class=\"vc_column-inner\"><div class=\"wpb_text_column us_custom_9875659d has_text_color\"><div class=\"wpb_wrapper\"><h4 style=\"text-align: center;\">Docencia<\/h4>\n<\/div><\/div><div class=\"w-separator size_medium with_line width_default thick_1 style_solid color_border align_center\"><div class=\"w-separator-h\"><\/div><\/div><div class=\"wpb_text_column us_custom_1891e7f9\"><div class=\"wpb_wrapper\"><p style=\"text-align: center;\">La Qu\u00edmica ocupa una posici\u00f3n central en nuestro mundo y contribuye de manera decisiva a mantener y mejorar la calidad de vida en nuestra sociedad. Hoy en d\u00eda es dif\u00edcil encontrar una \u00e1rea cient\u00edfica, tecnol\u00f3gica o industrial que no requiera directamente o indirecta de la Qu\u00edmica y, en particular, de la Qu\u00edmica Org\u00e1nica.<\/p>\n<\/div><\/div><\/div><\/div><div class=\"wpb_column vc_column_container\"><div class=\"vc_column-inner\"><\/div><\/div><\/div><div class=\"w-separator size_small\"><\/div><\/div><\/div><\/div><\/div><\/section><section class=\"l-section wpb_row height_auto width_full\"><div class=\"l-section-h i-cf\"><div class=\"g-cols vc_row via_grid cols_2 laptops-cols_inherit tablets-cols_inherit mobiles-cols_1 valign_top type_default stacking_default\" style=\"--gap:0rem;\"><div class=\"wpb_column vc_column_container\"><div class=\"vc_column-inner\"><div class=\"g-cols wpb_row us_custom_179ff061 via_grid cols_1 laptops-cols_inherit tablets-cols_inherit mobiles-cols_1 valign_top type_boxes stacking_default\" style=\"--gap:6rem;\"><div class=\"wpb_column vc_column_container\"><div class=\"vc_column-inner\"><div class=\"wpb_text_column us_custom_9875659d has_text_color\"><div class=\"wpb_wrapper\"><h3>Grado de Qu\u00edmica<\/h3>\n<\/div><\/div><div class=\"w-separator linia_vermella size_small with_line width_default thick_2 style_solid color_border align_center\"><div class=\"w-separator-h\"><\/div><\/div><div class=\"wpb_text_column us_custom_1891e7f9\"><div class=\"wpb_wrapper\"><p>El Grado de Qu\u00edmica que ofrece la Facultad de Qu\u00edmica de la UB proporciona una s\u00f3lida formaci\u00f3n en \u00e1reas fundamentales de la Qu\u00edmica como por ejemplo el desarrollo de nuevos f\u00e1rmacos, el desarrollo y aplicaciones de nuevos materiales y el estudio del medio ambiente.<\/p>\n<p>Nuestra misi\u00f3n es la de preparar profesionales competentes y altamente calificados para llevar a cabo su actividad en \u00e1mbitos l\u00edderes de nuestra sociedad.<\/p>\n<\/div><\/div><div class=\"w-separator size_small\"><\/div><div class=\"w-vwrapper align_none valign_top\"><div class=\"w-btn-wrapper align_left\"><a class=\"w-btn us-btn-style_1 us_custom_dd2df7c8 has_text_color icon_atright\" target=\"_blank\" href=\"https:\/\/www.ub.edu\/portal\/web\/quimica-es\"><span class=\"w-btn-label\">Facultad de Qu\u00edmica<\/span><i class=\"fas fa-external-link-square-alt\"><\/i><\/a><\/div><div class=\"w-btn-wrapper align_left\"><a class=\"w-btn us-btn-style_1 us_custom_dd2df7c8 has_text_color icon_atright\" target=\"_blank\" href=\"https:\/\/web.ub.edu\/es\/\"><span class=\"w-btn-label\">Universitat de Barcelona<\/span><i class=\"fas fa-external-link-square-alt\"><\/i><\/a><\/div><\/div><div class=\"w-separator size_small\"><\/div><\/div><\/div><\/div><\/div><\/div><div class=\"wpb_column vc_column_container us_custom_053ce5b8 has_bg_color\"><div class=\"vc_column-inner\"><\/div><\/div><\/div><\/div><\/section><section class=\"l-section wpb_row us_custom_6c49fb29 height_auto width_full\" id=\"master\"><div class=\"l-section-h i-cf\"><div class=\"g-cols vc_row via_grid cols_2 laptops-cols_inherit tablets-cols_inherit mobiles-cols_1 valign_middle type_default reversed stacking_default\" style=\"--gap:0rem;\"><div class=\"wpb_column vc_column_container us_custom_33a8cead has_bg_color\"><div class=\"vc_column-inner\"><\/div><\/div><div class=\"wpb_column vc_column_container\"><div class=\"vc_column-inner\"><div class=\"w-separator size_large\"><\/div><div class=\"g-cols wpb_row us_custom_179ff061 via_grid cols_1 laptops-cols_inherit tablets-cols_inherit mobiles-cols_1 valign_top type_boxes stacking_default\" style=\"--gap:3rem;\"><div class=\"wpb_column vc_column_container\"><div class=\"vc_column-inner\"><div class=\"wpb_text_column us_custom_9875659d has_text_color\"><div class=\"wpb_wrapper\"><h3>Master<\/h3>\n<\/div><\/div><div class=\"w-separator linia_vermella size_small with_line width_default thick_2 style_solid color_border align_center\"><div class=\"w-separator-h\"><\/div><\/div><div class=\"wpb_text_column us_custom_1891e7f9\"><div class=\"wpb_wrapper\"><p>El <u>M\u00e1ster en Qu\u00edmica Org\u00e1nica<\/u> de nuestra Facultad profundiza en esta formaci\u00f3n y acontece el \u00e1mbito propicio para conseguir una especializaci\u00f3n en Qu\u00edmica Org\u00e1nica con una s\u00f3lida formaci\u00f3n te\u00f3rica y experimental.<\/p>\n<\/div><\/div><div class=\"w-separator size_small\"><\/div><div class=\"w-btn-wrapper align_left\"><a class=\"w-btn us-btn-style_1 us_custom_dd2df7c8 has_text_color icon_atright\" target=\"_blank\" href=\"https:\/\/web.ub.edu\/es\/web\/estudis\/w\/masteruniversitari-M1207\"><span class=\"w-btn-label\">Master de Qu\u00edmica Org\u00e1nica<\/span><i class=\"fas fa-external-link-square-alt\"><\/i><\/a><\/div><\/div><\/div><\/div><div class=\"w-separator size_large\"><\/div><\/div><\/div><\/div><\/div><\/section><section class=\"l-section wpb_row height_auto width_full\"><div class=\"l-section-h i-cf\"><div class=\"g-cols vc_row via_grid cols_2 laptops-cols_inherit tablets-cols_inherit mobiles-cols_1 valign_top type_boxes stacking_default\" style=\"--gap:0rem;\"><div class=\"wpb_column vc_column_container\"><div class=\"vc_column-inner\"><div class=\"g-cols wpb_row us_custom_1fdab321 via_grid cols_1 laptops-cols_inherit tablets-cols_inherit mobiles-cols_1 valign_top type_default stacking_default\" style=\"--gap:3rem;\" id=\"doctoral\"><div class=\"wpb_column vc_column_container\"><div class=\"vc_column-inner\"><div class=\"wpb_text_column us_custom_9875659d has_text_color\"><div class=\"wpb_wrapper\"><h3>Doctorado<\/h3>\n<\/div><\/div><div class=\"w-separator linia_vermella size_small with_line width_default thick_2 style_solid color_border align_center\"><div class=\"w-separator-h\"><\/div><\/div><div class=\"wpb_text_column us_custom_1891e7f9\"><div class=\"wpb_wrapper\"><p>Adem\u00e1s, el <u>Programa de Doctorado en Qu\u00edmica Org\u00e1nica<\/u> permite que todos aquellos estudiantes que est\u00e9n interesados puedan desarrollar sus aptitudes en un amplio abanico de l\u00edneas de investigaci\u00f3n l\u00edderes y entrar en contacto con la investigaci\u00f3n actual a nivel internacional.<\/p>\n<\/div><\/div><div class=\"w-separator size_small\"><\/div><div class=\"w-btn-wrapper align_left\"><a class=\"w-btn us-btn-style_1 us_custom_dd2df7c8 has_text_color icon_atright\" target=\"_blank\" href=\"https:\/\/dqio.ub.edu\/programa-de-doctorat\/inicio\"><span class=\"w-btn-label\">Doctorado en Qu\u00edmica Org\u00e1nica<\/span><i class=\"fas fa-external-link-square-alt\"><\/i><\/a><\/div><\/div><\/div><\/div><\/div><\/div><div class=\"wpb_column vc_column_container us_custom_05c23d95 has_bg_color\"><div class=\"vc_column-inner\"><\/div><\/div><\/div><\/div><\/section>\n","protected":false},"excerpt":{"rendered":"Secci\u00f3n de Qu\u00edmica Org\u00e1nica HomeP\u00e1ginasLa Secci\u00f3nDocenciaPersonalInvestigaci\u00f3nServiciosIntranet Docencia La Qu\u00edmica ocupa una posici\u00f3n central en nuestro mundo y contribuye de manera decisiva a mantener y mejorar la calidad de vida en nuestra sociedad. Hoy en d\u00eda es dif\u00edcil encontrar una \u00e1rea cient\u00edfica, tecnol\u00f3gica o industrial que no requiera directamente o indirecta de la Qu\u00edmica y, en...","protected":false},"author":1,"featured_media":0,"parent":1072,"menu_order":0,"comment_status":"closed","ping_status":"closed","template":"","meta":{"_acf_changed":false,"footnotes":""},"research_area":[],"class_list":["post-1083","page","type-page","status-publish","hentry"],"acf":[],"yoast_head":"<!-- This site is optimized with the Yoast SEO plugin v27.5 - https:\/\/yoast.com\/product\/yoast-seo-wordpress\/ -->\n<title>Docencia - Departament de Quimica Inorg\u00e0nica i Org\u00e0nica<\/title>\n<meta name=\"robots\" content=\"index, follow, max-snippet:-1, max-image-preview:large, max-video-preview:-1\" \/>\n<link rel=\"canonical\" href=\"https:\/\/dqio.ub.edu\/es\/organica\/docencia\/\" \/>\n<meta property=\"og:locale\" content=\"es_ES\" \/>\n<meta property=\"og:type\" content=\"article\" \/>\n<meta property=\"og:title\" content=\"Docencia - Departament de Quimica Inorg\u00e0nica i Org\u00e0nica\" \/>\n<meta property=\"og:url\" content=\"https:\/\/dqio.ub.edu\/es\/organica\/docencia\/\" \/>\n<meta property=\"og:site_name\" content=\"Departament de Quimica Inorg\u00e0nica i Org\u00e0nica\" \/>\n<meta property=\"article:modified_time\" content=\"2025-07-01T13:28:54+00:00\" \/>\n<meta name=\"twitter:card\" content=\"summary_large_image\" \/>\n<meta name=\"twitter:label1\" content=\"Tiempo de lectura\" \/>\n\t<meta name=\"twitter:data1\" content=\"2 minutos\" \/>\n<script type=\"application\/ld+json\" class=\"yoast-schema-graph\">{\"@context\":\"https:\\\/\\\/schema.org\",\"@graph\":[{\"@type\":\"WebPage\",\"@id\":\"https:\\\/\\\/dqio.ub.edu\\\/es\\\/organica\\\/docencia\\\/\",\"url\":\"https:\\\/\\\/dqio.ub.edu\\\/es\\\/organica\\\/docencia\\\/\",\"name\":\"Docencia - Departament de Quimica Inorg\u00e0nica i Org\u00e0nica\",\"isPartOf\":{\"@id\":\"https:\\\/\\\/dqio.ub.edu\\\/#website\"},\"datePublished\":\"2023-10-18T11:51:15+00:00\",\"dateModified\":\"2025-07-01T13:28:54+00:00\",\"breadcrumb\":{\"@id\":\"https:\\\/\\\/dqio.ub.edu\\\/es\\\/organica\\\/docencia\\\/#breadcrumb\"},\"inLanguage\":\"es\",\"potentialAction\":[{\"@type\":\"ReadAction\",\"target\":[\"https:\\\/\\\/dqio.ub.edu\\\/es\\\/organica\\\/docencia\\\/\"]}]},{\"@type\":\"BreadcrumbList\",\"@id\":\"https:\\\/\\\/dqio.ub.edu\\\/es\\\/organica\\\/docencia\\\/#breadcrumb\",\"itemListElement\":[{\"@type\":\"ListItem\",\"position\":1,\"name\":\"Inici\",\"item\":\"https:\\\/\\\/dqio.ub.edu\\\/es\\\/\"},{\"@type\":\"ListItem\",\"position\":2,\"name\":\"Org\u00e1nica\",\"item\":\"https:\\\/\\\/dqio.ub.edu\\\/es\\\/organica\\\/\"},{\"@type\":\"ListItem\",\"position\":3,\"name\":\"Docencia\"}]},{\"@type\":\"WebSite\",\"@id\":\"https:\\\/\\\/dqio.ub.edu\\\/#website\",\"url\":\"https:\\\/\\\/dqio.ub.edu\\\/\",\"name\":\"Departament de Quimica Inorg\u00e0nica i Org\u00e0nica\",\"description\":\"\",\"potentialAction\":[{\"@type\":\"SearchAction\",\"target\":{\"@type\":\"EntryPoint\",\"urlTemplate\":\"https:\\\/\\\/dqio.ub.edu\\\/?s={search_term_string}\"},\"query-input\":{\"@type\":\"PropertyValueSpecification\",\"valueRequired\":true,\"valueName\":\"search_term_string\"}}],\"inLanguage\":\"es\"}]}<\/script>\n<!-- \/ Yoast SEO plugin. -->","yoast_head_json":{"title":"Docencia - Departament de Quimica Inorg\u00e0nica i Org\u00e0nica","robots":{"index":"index","follow":"follow","max-snippet":"max-snippet:-1","max-image-preview":"max-image-preview:large","max-video-preview":"max-video-preview:-1"},"canonical":"https:\/\/dqio.ub.edu\/es\/organica\/docencia\/","og_locale":"es_ES","og_type":"article","og_title":"Docencia - Departament de Quimica Inorg\u00e0nica i Org\u00e0nica","og_url":"https:\/\/dqio.ub.edu\/es\/organica\/docencia\/","og_site_name":"Departament de Quimica Inorg\u00e0nica i Org\u00e0nica","article_modified_time":"2025-07-01T13:28:54+00:00","twitter_card":"summary_large_image","twitter_misc":{"Tiempo de lectura":"2 minutos"},"schema":{"@context":"https:\/\/schema.org","@graph":[{"@type":"WebPage","@id":"https:\/\/dqio.ub.edu\/es\/organica\/docencia\/","url":"https:\/\/dqio.ub.edu\/es\/organica\/docencia\/","name":"Docencia - Departament de Quimica Inorg\u00e0nica i Org\u00e0nica","isPartOf":{"@id":"https:\/\/dqio.ub.edu\/#website"},"datePublished":"2023-10-18T11:51:15+00:00","dateModified":"2025-07-01T13:28:54+00:00","breadcrumb":{"@id":"https:\/\/dqio.ub.edu\/es\/organica\/docencia\/#breadcrumb"},"inLanguage":"es","potentialAction":[{"@type":"ReadAction","target":["https:\/\/dqio.ub.edu\/es\/organica\/docencia\/"]}]},{"@type":"BreadcrumbList","@id":"https:\/\/dqio.ub.edu\/es\/organica\/docencia\/#breadcrumb","itemListElement":[{"@type":"ListItem","position":1,"name":"Inici","item":"https:\/\/dqio.ub.edu\/es\/"},{"@type":"ListItem","position":2,"name":"Org\u00e1nica","item":"https:\/\/dqio.ub.edu\/es\/organica\/"},{"@type":"ListItem","position":3,"name":"Docencia"}]},{"@type":"WebSite","@id":"https:\/\/dqio.ub.edu\/#website","url":"https:\/\/dqio.ub.edu\/","name":"Departament de Quimica Inorg\u00e0nica i Org\u00e0nica","description":"","potentialAction":[{"@type":"SearchAction","target":{"@type":"EntryPoint","urlTemplate":"https:\/\/dqio.ub.edu\/?s={search_term_string}"},"query-input":{"@type":"PropertyValueSpecification","valueRequired":true,"valueName":"search_term_string"}}],"inLanguage":"es"}]}},"_links":{"self":[{"href":"https:\/\/dqio.ub.edu\/es\/wp-json\/wp\/v2\/pages\/1083","targetHints":{"allow":["GET"]}}],"collection":[{"href":"https:\/\/dqio.ub.edu\/es\/wp-json\/wp\/v2\/pages"}],"about":[{"href":"https:\/\/dqio.ub.edu\/es\/wp-json\/wp\/v2\/types\/page"}],"author":[{"embeddable":true,"href":"https:\/\/dqio.ub.edu\/es\/wp-json\/wp\/v2\/users\/1"}],"replies":[{"embeddable":true,"href":"https:\/\/dqio.ub.edu\/es\/wp-json\/wp\/v2\/comments?post=1083"}],"version-history":[{"count":53,"href":"https:\/\/dqio.ub.edu\/es\/wp-json\/wp\/v2\/pages\/1083\/revisions"}],"predecessor-version":[{"id":8056,"href":"https:\/\/dqio.ub.edu\/es\/wp-json\/wp\/v2\/pages\/1083\/revisions\/8056"}],"up":[{"embeddable":true,"href":"https:\/\/dqio.ub.edu\/es\/wp-json\/wp\/v2\/pages\/1072"}],"wp:attachment":[{"href":"https:\/\/dqio.ub.edu\/es\/wp-json\/wp\/v2\/media?parent=1083"}],"wp:term":[{"taxonomy":"research_area","embeddable":true,"href":"https:\/\/dqio.ub.edu\/es\/wp-json\/wp\/v2\/research_area?post=1083"}],"curies":[{"name":"wp","href":"https:\/\/api.w.org\/{rel}","templated":true}]}}