{"id":1931,"date":"2023-11-21T08:53:52","date_gmt":"2023-11-21T07:53:52","guid":{"rendered":"http:\/\/10.101.240.49\/?page_id=1931"},"modified":"2025-05-12T12:11:30","modified_gmt":"2025-05-12T10:11:30","slug":"noticias","status":"publish","type":"page","link":"https:\/\/dqio.ub.edu\/es\/inorganica\/noticias\/","title":{"rendered":"Noticias y Eventos"},"content":{"rendered":"<section class=\"l-section wpb_row us_custom_3943f1eb height_auto width_full\"><div class=\"l-section-h i-cf\"><div class=\"g-cols vc_row via_grid cols_2 laptops-cols_inherit tablets-cols_inherit mobiles-cols_1 valign_middle type_default stacking_default\"><div class=\"wpb_column vc_column_container\"><div class=\"vc_column-inner\"><div class=\"g-cols wpb_row faculty via_grid cols_1 laptops-cols_inherit tablets-cols_inherit mobiles-cols_1 valign_middle type_boxes stacking_default\" style=\"--gap:0rem;\"><div class=\"wpb_column vc_column_container\"><div class=\"vc_column-inner\"><div class=\"wpb_text_column us_custom_6df4bc3a has_text_color\"><div class=\"wpb_wrapper\"><h2>Secci\u00f3n de Qu\u00edmica<br \/>\nInorg\u00e1nica<\/h2>\n<\/div><\/div><div class=\"w-separator barra hide_on_laptops size_small\"><\/div><nav class=\"g-breadcrumbs us_custom_e50ce344 blanc has_text_color separator_icon align_none\" itemscope itemtype=\"http:\/\/schema.org\/BreadcrumbList\"><div class=\"g-breadcrumbs-item\" itemscope itemprop=\"itemListElement\" itemtype=\"http:\/\/schema.org\/ListItem\"><a itemprop=\"item\" href=\"https:\/\/dqio.ub.edu\/es\/\"><span itemprop=\"name\">Inicio<\/span><\/a><meta itemprop=\"position\" content=\"1\"\/><\/div><div class=\"g-breadcrumbs-separator\"><i class=\"fas fa-fas fa-caret-right\"><\/i><\/div><div class=\"g-breadcrumbs-item\">P\u00e1ginas<\/div><\/nav><\/div><\/div><\/div><\/div><\/div><div class=\"wpb_column vc_column_container\"><div class=\"vc_column-inner\"><\/div><\/div><\/div><\/div><\/section><section class=\"l-section wpb_row us_custom_a7ea0d60 height_auto width_full type_sticky\"><div class=\"l-section-h i-cf\"><div class=\"g-cols vc_row via_grid cols_1 laptops-cols_inherit tablets-cols_inherit mobiles-cols_1 valign_top type_default stacking_default\"><div class=\"wpb_column vc_column_container\"><div class=\"vc_column-inner\"><style data-type=\"us_custom-css\">.w-socials.social.color_brand.shape_square.style_colored.hover_none{display:flex;flex-direction:row-reverse}.alignleft{float:left;margin-right:6px!important;margin-bottom:2em}span.titol{font-size:20px;font-family:'Poppins';font-weight:700;color:#000000!important}.directori{display:flex;flex-direction:row-reverse;align-items:flex-start;align-content:flex-end;position:relative;top:13px}<\/style><section class=\"l-section wpb_row us_custom_a9e9a444 menu-organica height_auto width_full\"><div class=\"l-section-h i-cf\"><div class=\"g-cols vc_row via_grid cols_1 laptops-cols_inherit tablets-cols_inherit mobiles-cols_1 valign_middle type_default stacking_default\" style=\"--gap:0.4rem;\"><div class=\"wpb_column vc_column_container menu-organica\"><div class=\"vc_column-inner\"><div class=\"w-hwrapper valign_top stack_on_mobiles align_none\" style=\"--hwrapper-gap:0rem\"><div class=\"w-btn-wrapper align_center\"><a class=\"w-btn us-btn-style_4\" href=\"https:\/\/dqio.ub.edu\/es\/inorganica\/\"><span class=\"w-btn-label\">Secci\u00f3n de Qu\u00edmica Inorg\u00e1nica<\/span><\/a><\/div><div class=\"w-btn-wrapper align_center\"><a class=\"w-btn us-btn-style_4\" href=\"https:\/\/dqio.ub.edu\/es\/inorganica\/docencia\/\"><span class=\"w-btn-label\">Docencia<\/span><\/a><\/div><div class=\"w-btn-wrapper align_center\"><a class=\"w-btn us-btn-style_4\" href=\"https:\/\/dqio.ub.edu\/es\/inorganica\/personal-seccion\/\"><span class=\"w-btn-label\">Personal secci\u00f3n<\/span><\/a><\/div><div class=\"w-btn-wrapper align_center\"><a class=\"w-btn us-btn-style_4\" href=\"https:\/\/dqio.ub.edu\/es\/inorganica\/investigacion\/\"><span class=\"w-btn-label\">Investigaci\u00f3n<\/span><\/a><\/div><div class=\"w-btn-wrapper align_center\"><a class=\"w-btn us-btn-style_4\" href=\"https:\/\/dqio.ub.edu\/es\/inorganica\/noticias\/\"><span class=\"w-btn-label\">Noticias y Eventos<\/span><\/a><\/div><div class=\"w-btn-wrapper align_center\"><a class=\"w-btn us-btn-style_4\" href=\"https:\/\/dqio.ub.edu\/es\/inorganica\/servicios\/\"><span class=\"w-btn-label\">Servicios<\/span><\/a><\/div><div class=\"w-btn-wrapper align_center\"><a class=\"w-btn us-btn-style_4\" href=\"https:\/\/dqio.ub.edu\/es\/inorganica\/intranet\/\"><span class=\"w-btn-label\">Intranet<\/span><\/a><\/div><\/div><\/div><\/div><\/div><\/div><\/section>\n<\/div><\/div><\/div><\/div><\/section><section class=\"l-section wpb_row us_custom_a8dba0e6 height_medium width_full\"><div class=\"l-section-h i-cf\"><div class=\"g-cols vc_row via_grid cols_1-4-1 laptops-cols_inherit tablets-cols_inherit mobiles-cols_1 valign_top type_default stacking_default\"><div class=\"wpb_column vc_column_container\"><div class=\"vc_column-inner\"><\/div><\/div><div class=\"wpb_column vc_column_container us_custom_693f4b1f\"><div class=\"vc_column-inner\"><div class=\"wpb_text_column us_custom_9875659d has_text_color\"><div class=\"wpb_wrapper\"><h4 style=\"text-align: center;\">Eventos<\/h4>\n<\/div><\/div><div class=\"w-separator size_medium with_line width_default thick_1 style_solid color_secondary align_center\"><div class=\"w-separator-h\"><\/div><\/div><div class=\"w-separator size_medium\"><\/div><div class=\"w-grid type_grid layout_4485\" id=\"us_grid_1\" style=\"--gap:1.5rem;\" data-filterable=\"true\"><style>.layout_4485 .w-grid-item-h{}.layout_4485 .usg_hwrapper_1{width:100%!important;background:#ffffff!important}.layout_4485 .usg_vwrapper_1{width:100%!important}.layout_4485 .usg_post_content_1{font-size:15px!important;width:100%!important;padding:29px!important}.layout_4485 .usg_post_taxonomy_1{width:120%!important;padding-left:25px!important;padding-top:25px!important;padding-bottom:0px!important}.layout_4485 .usg_hwrapper_2{width:100%!important}.layout_4485 .usg_html_1{color:#ffffff!important;text-align:center!important;font-size:20px!important;max-width:280px!important;min-width:200px!important;position:relative!important;top:0!important;right:0!important;padding:10px!important;background:#2e6da4!important}.layout_4485 .usg_post_image_1{width:30%!important;min-width:200px!important;padding:29px!important}@media (min-width:1025px) and (max-width:1440px){.layout_4485 .usg_html_1{color:#ffffff!important;text-align:center!important;font-size:20px!important;width:12%!important;max-width:20%!important}}@media (min-width:601px) and (max-width:1024px){.layout_4485 .usg_html_1{color:#ffffff!important;text-align:center!important;font-size:10px!important;width:24%!important;max-width:24%!important}}@media (max-width:600px){.layout_4485 .usg_html_1{color:#ffffff!important;text-align:center!important;font-size:10px!important;min-width:176px!important}}<\/style><div class=\"w-grid-list\">\t<article class=\"w-grid-item size_1x1 post-8296 post type-post status-publish format-standard hentry category-eventos-inorganica\" data-id=\"8296\">\r\n\t\t<div class=\"w-grid-item-h\">\r\n\t\t\t\t\t\t<div class=\"w-hwrapper usg_hwrapper_1 align_none valign_top\"><div class=\"w-vwrapper usg_vwrapper_1 align_none valign_top\"><div class=\"w-hwrapper usg_hwrapper_2 align_none valign_top\"><div class=\"w-post-elm post_taxonomy usg_post_taxonomy_1 style_badge color_link_inherit\"><span class=\"w-btn us-btn-style_1 term-225 term-eventos-inorganica\">Eventos Inorg\u00e1nica<\/span><\/div><div class=\"w-html usg_html_1 has_text_color\">22 de mayo, 2026<\/div><\/div><div class=\"w-hwrapper usg_hwrapper_3 align_none valign_top stack_on_mobiles\"><div class=\"w-post-elm post_content usg_post_content_1 without_sections\"><h5>Seminaris del M\u00e0ster de Qu\u00edmica de Materials Aplicada Curs 2025\/2026<\/h5>\n<p><strong>Lloc<\/strong>: Aula Enric Casassas o Aula Eduard Fontser\u00e9 segons disponibilitat (consultar les pantalles de difusi\u00f3 de la Facultat de Qu\u00edmica per cada seminari concret).<\/p>\n<p><strong>Hora<\/strong>: 12h00-13h00<\/p>\n<h5><strong>Dia\u00a0 \u00a0 \u00a0 \u00a0 \u00a0 \u00a0 \u00a0 \u00a0 \u00a0 \u00a0 \u00a0 \u00a0 \u00a0 Ponent i Instituci\u00f3<\/strong><\/h5>\n<p><strong>17\/10\/25\u00a0 \u00a0 \u00a0 \u00a0 <\/strong>Richard Spontak, \u00a0North Carolina State University (USA)<\/p>\n<p><strong>24\/10\/25\u00a0 \u00a0 \u00a0 \u00a0 <\/strong>Elaine Armelin, \u00a0Universitat Polit\u00e8cnica de Catalunya<\/p>\n<p><strong>07\/11\/25\u00a0 \u00a0 \u00a0 \u00a0 <\/strong>Mar\u00eda Escudero, \u00a0Institut Catal\u00e0 de Nanoci\u00e8ncia i Nanotecnologia (ICN2)<\/p>\n<p><strong>21\/11\/25\u00a0 \u00a0 \u00a0 \u00a0 <\/strong>Francesc Illes, \u00a0Universitat de Barcelona<\/p>\n<p><strong>05\/12\/25\u00a0 \u00a0 \u00a0 \u00a0 <\/strong>Manel Mart\u00ednez, Universitat de Barcelona<\/p>\n<p><strong>19\/12\/25\u00a0 \u00a0 \u00a0 \u00a0 <\/strong>Pablo Guardia, Institut de Ci\u00e8ncia de Materials de Barcelona (ICMAB-CSIC)<\/p>\n<p><strong>20\/02\/26\u00a0 \u00a0 \u00a0 <\/strong>Beatriu Escuder, \u00a0Universitat Jaume I<\/p>\n<p><strong>06\/03\/26\u00a0 \u00a0 \u00a0 <\/strong>Jordi Fern\u00e1ndez, \u00a0Vibrantz<\/p>\n<p><strong>13\/03\/26\u00a0 \u00a0 \u00a0 \u00a0<\/strong>Sergi Cuesta, Vitsolc<\/p>\n<p><strong>27\/03\/26\u00a0 \u00a0 \u00a0 \u00a0<\/strong>M\u00f3nica Gim\u00e9nez-Marqu\u00e9s, \u00a0Institut de Ci\u00e8ncia Molecular (ICMOL)<\/p>\n<p><strong>10\/04\/26\u00a0 \u00a0 \u00a0 \u00a0<\/strong>Neus Bast\u00fas, Institut Catal\u00e0 de Nanoci\u00e8ncia i Nanotecnologia (ICN2)<\/p>\n<p><strong>24\/04\/26 <\/strong>\u00a0 \u00a0 \u00a0 TBA<\/p>\n<p><strong>08\/05\/26\u00a0 \u00a0 \u00a0 \u00a0<\/strong>Sara Rojas Mac\u00edas, \u00a0Universidad de Granada<\/p>\n<p><strong>22\/05\/26\u00a0 \u00a0 \u00a0 \u00a0<\/strong>Matteo Mannini, \u00a0Universit\u00e0 degli Studi di Firenze (Italia)<\/p>\n<\/div><\/div><\/div><\/div>\t\t<\/div>\r\n\t\t\t<\/article>\r\n\t<article class=\"w-grid-item size_1x1 post-8544 post type-post status-publish format-standard has-post-thumbnail hentry category-eventos-inorganica\" data-id=\"8544\">\r\n\t\t<div class=\"w-grid-item-h\">\r\n\t\t\t\t\t\t<div class=\"w-hwrapper usg_hwrapper_1 align_none valign_top\"><div class=\"w-vwrapper usg_vwrapper_1 align_none valign_top\"><div class=\"w-hwrapper usg_hwrapper_2 align_none valign_top\"><div class=\"w-post-elm post_taxonomy usg_post_taxonomy_1 style_badge color_link_inherit\"><span class=\"w-btn us-btn-style_1 term-225 term-eventos-inorganica\">Eventos Inorg\u00e1nica<\/span><\/div><div class=\"w-html usg_html_1 has_text_color\">30 de junio, 2026<\/div><\/div><div class=\"w-hwrapper usg_hwrapper_3 align_none valign_top stack_on_mobiles\"><div class=\"w-post-elm post_content usg_post_content_1 without_sections\"><h5 class=\"mt-3 mt-xl-0 title\">Exposici\u00f3n \u00ab100 a\u00f1os de la mec\u00e1nica cu\u00e1ntica\u00bb,\u00a0, 12\/11\/25 &#8211; 30\/06\/26<\/h5>\n<div class=\"grayband-detail__basic-info\">\n<div class=\"grayband-detail__basic-info\">\n<p>El Fondo Hist\u00f3rico del CRAI Biblioteca de F\u00edsica y Qu\u00edmica organiza cada a\u00f1o una muestra, dedicada a\u00a0un tema espec\u00edfico. Este a\u00f1o, conmemora el centenario del establecimiento de las bases de la mec\u00e1nica cu\u00e1ntica.<\/p>\n<p>En verano de 1925, Werner Heisenberg propuso la primera formulaci\u00f3n de la teor\u00eda cu\u00e1ntica \u2014completada en oto\u00f1o de ese mismo a\u00f1o por Max Born, Pascual Jordan y el propio Heisenberg, y de manera independiente por Paul Dirac\u2014, conocida como mec\u00e1nica de matrices. A partir de enero de 1926, Erwin Schr\u00f6dinger estableci\u00f3 una formulaci\u00f3n alternativa: la mec\u00e1nica ondulatoria.<\/p>\n<p>&nbsp;<\/p>\n<\/div>\n<div class=\"detail\">\n<div class=\"row detail-info mb-2 mb-lg-0\">\n<div class=\"col-12 col-lg-3 col-xl-2 detail-column\"><span class=\"detail-title\">Lugar: <\/span><span class=\"detail-text\">CRAI Biblioteca de F\u00edsica y Qu\u00edmica<\/span><\/div>\n<\/div>\n<div class=\"row detail-info\">\n<div class=\"col-12 col-lg-3 col-xl-2\"><span class=\"detail-title\">Organiza: <\/span><span class=\"detail-text\">Fondo Hist\u00f3rico del CRAI Biblioteca de F\u00edsica y Qu\u00edmica\u00a0<\/span><\/div>\n<div>Enlace: <a href=\"https:\/\/web.ub.edu\/es\/web\/actualitat\/w\/100-anys-mecanica-quantica?referer=agenda\">https:\/\/web.ub.edu\/es\/web\/actualitat\/w\/100-anys-mecanica-quantica?referer=agenda<\/a><\/div>\n<\/div>\n<\/div>\n<\/div>\n<\/div><div class=\"w-post-elm post_image usg_post_image_1 has_width\"><img loading=\"lazy\" decoding=\"async\" width=\"325\" height=\"325\" src=\"https:\/\/dqio.ub.edu\/wp-content\/uploads\/2026\/03\/expoCRAI2026.png\" class=\"attachment-full size-full wp-post-image\" alt=\"\" srcset=\"https:\/\/dqio.ub.edu\/wp-content\/uploads\/2026\/03\/expoCRAI2026.png 325w, https:\/\/dqio.ub.edu\/wp-content\/uploads\/2026\/03\/expoCRAI2026-300x300.png 300w, https:\/\/dqio.ub.edu\/wp-content\/uploads\/2026\/03\/expoCRAI2026-150x150.png 150w\" sizes=\"auto, (max-width: 325px) 100vw, 325px\" \/><\/div><\/div><\/div><\/div>\t\t<\/div>\r\n\t\t\t<\/article>\r\n<\/div><div class=\"w-grid-preloader\">\t<div class=\"g-preloader type_1\">\r\n\t\t<div><\/div>\r\n\t<\/div>\r\n\t<\/div>\t<div class=\"w-grid-json hidden\" onclick='return {&quot;action&quot;:&quot;us_ajax_grid&quot;,&quot;infinite_scroll&quot;:0,&quot;max_num_pages&quot;:1,&quot;pagination&quot;:&quot;none&quot;,&quot;template_vars&quot;:{&quot;columns&quot;:&quot;1&quot;,&quot;exclude_items&quot;:&quot;none&quot;,&quot;img_size&quot;:&quot;default&quot;,&quot;ignore_items_size&quot;:0,&quot;items_layout&quot;:&quot;4485&quot;,&quot;items_offset&quot;:&quot;1&quot;,&quot;load_animation&quot;:&quot;none&quot;,&quot;overriding_link&quot;:&quot;%7B%22url%22%3A%22%22%7D&quot;,&quot;post_id&quot;:0,&quot;query_args&quot;:{&quot;post_type&quot;:[&quot;post&quot;],&quot;tax_query&quot;:[{&quot;taxonomy&quot;:&quot;category&quot;,&quot;field&quot;:&quot;slug&quot;,&quot;terms&quot;:[&quot;eventos-inorganica&quot;]}],&quot;post_status&quot;:[&quot;publish&quot;,&quot;acf-disabled&quot;],&quot;posts_per_page&quot;:999},&quot;orderby_query_args&quot;:{&quot;meta_query&quot;:{&quot;_orderby_custom_&quot;:{&quot;relation&quot;:&quot;OR&quot;,&quot;0&quot;:{&quot;compare&quot;:&quot;EXISTS&quot;,&quot;key&quot;:&quot;data&quot;,&quot;type&quot;:&quot;CHAR&quot;},&quot;1&quot;:{&quot;compare&quot;:&quot;NOT EXISTS&quot;,&quot;key&quot;:&quot;data&quot;,&quot;type&quot;:&quot;CHAR&quot;}}},&quot;orderby&quot;:&quot;data&quot;,&quot;order&quot;:&quot;ASC&quot;},&quot;type&quot;:&quot;grid&quot;,&quot;us_grid_ajax_index&quot;:1,&quot;us_grid_filter_params&quot;:[],&quot;us_grid_index&quot;:1,&quot;_us_grid_post_type&quot;:&quot;post&quot;,&quot;page_args&quot;:[],&quot;lang&quot;:&quot;es&quot;}}'><\/div>\r\n\t<\/div><\/div><\/div><div class=\"wpb_column vc_column_container us_custom_403f0015 has_bg_color\"><div class=\"vc_column-inner\"><div class=\"w-separator hide_on_default hide_on_laptops hide_on_tablets size_custom\" style=\"height:150px\"><\/div><\/div><\/div><\/div><\/div><\/section><section class=\"l-section wpb_row us_custom_a8dba0e6 height_medium width_full\"><div class=\"l-section-h i-cf\"><div class=\"g-cols vc_row via_grid cols_1-4-1 laptops-cols_inherit tablets-cols_inherit mobiles-cols_1 valign_top type_default stacking_default\"><div class=\"wpb_column vc_column_container\"><div class=\"vc_column-inner\"><\/div><\/div><div class=\"wpb_column vc_column_container us_custom_693f4b1f\"><div class=\"vc_column-inner\"><div class=\"wpb_text_column us_custom_9875659d has_text_color\"><div class=\"wpb_wrapper\"><h4 style=\"text-align: center;\">Noticias<\/h4>\n<\/div><\/div><div class=\"w-separator size_medium with_line width_default thick_1 style_solid color_secondary align_center\"><div class=\"w-separator-h\"><\/div><\/div><div class=\"w-separator size_medium\"><\/div><div class=\"w-grid type_grid layout_4485\" id=\"us_grid_2\" style=\"--gap:1.5rem;\" data-filterable=\"true\"><div class=\"w-grid-list\">\t<article class=\"w-grid-item size_1x1 post-8494 post type-post status-publish format-standard has-post-thumbnail hentry category-noticias-inorganica-es\" data-id=\"8494\">\r\n\t\t<div class=\"w-grid-item-h\">\r\n\t\t\t\t\t\t<div class=\"w-hwrapper usg_hwrapper_1 align_none valign_top\"><div class=\"w-vwrapper usg_vwrapper_1 align_none valign_top\"><div class=\"w-hwrapper usg_hwrapper_2 align_none valign_top\"><div class=\"w-post-elm post_taxonomy usg_post_taxonomy_1 style_badge color_link_inherit\"><span class=\"w-btn us-btn-style_1 term-229 term-noticias-inorganica-es\">Noticias Inorg\u00e1nica<\/span><\/div><div class=\"w-html usg_html_1 has_text_color\">9 de febrero, 2026<\/div><\/div><div class=\"w-hwrapper usg_hwrapper_3 align_none valign_top stack_on_mobiles\"><div class=\"w-post-elm post_content usg_post_content_1 without_sections\"><p><strong>Quantum Tycoon, un videojuego educativo para descubrir la computaci\u00f3n cu\u00e1ntica<\/strong><\/p>\n<p>El Instituto de Ciencias del Cosmos (ICCUB) y el Instituto de Nanociencia y Nanotecnolog\u00eda (IN2UB) de la Universidad de Barcelona han publicado\u00a0<a href=\"https:\/\/serviparticules.ub.edu\/materials\/aplicacions\/quantum-tycoon\">Quantum Tycoon<\/a>, una aplicaci\u00f3n educativa que combina entretenimiento y divulgaci\u00f3n cient\u00edfica para acercar la computaci\u00f3n cu\u00e1ntica al p\u00fablico general de forma interactiva y accesible.<\/p>\n<p>M\u00e9s informaci\u00f3: <a href=\"https:\/\/web.ub.edu\/es\/web\/actualitat\/w\/quantum-tycoon-videojuego-educativo?referer=noticies\" target=\"_blank\" rel=\"noopener\">https:\/\/web.ub.edu\/web\/actualitat\/w\/quantum-tycoon-videojoc-educatiu?referer=noticies<\/a><\/p>\n<\/div><div class=\"w-post-elm post_image usg_post_image_1 has_width\"><img loading=\"lazy\" decoding=\"async\" width=\"720\" height=\"510\" src=\"https:\/\/dqio.ub.edu\/wp-content\/uploads\/2026\/02\/quantumtycoonweb1.jpg\" class=\"attachment-full size-full wp-post-image\" alt=\"\" srcset=\"https:\/\/dqio.ub.edu\/wp-content\/uploads\/2026\/02\/quantumtycoonweb1.jpg 720w, https:\/\/dqio.ub.edu\/wp-content\/uploads\/2026\/02\/quantumtycoonweb1-300x213.jpg 300w\" sizes=\"auto, (max-width: 720px) 100vw, 720px\" \/><\/div><\/div><\/div><\/div>\t\t<\/div>\r\n\t\t\t<\/article>\r\n<\/div><div class=\"w-grid-preloader\">\t<div class=\"g-preloader type_1\">\r\n\t\t<div><\/div>\r\n\t<\/div>\r\n\t<\/div>\t<div class=\"w-grid-json hidden\" onclick='return {&quot;action&quot;:&quot;us_ajax_grid&quot;,&quot;infinite_scroll&quot;:0,&quot;max_num_pages&quot;:1,&quot;pagination&quot;:&quot;none&quot;,&quot;template_vars&quot;:{&quot;columns&quot;:&quot;1&quot;,&quot;exclude_items&quot;:&quot;none&quot;,&quot;img_size&quot;:&quot;default&quot;,&quot;ignore_items_size&quot;:0,&quot;items_layout&quot;:&quot;4485&quot;,&quot;items_offset&quot;:&quot;1&quot;,&quot;load_animation&quot;:&quot;none&quot;,&quot;overriding_link&quot;:&quot;%7B%22url%22%3A%22%22%7D&quot;,&quot;post_id&quot;:0,&quot;query_args&quot;:{&quot;post_type&quot;:[&quot;post&quot;],&quot;tax_query&quot;:[{&quot;taxonomy&quot;:&quot;category&quot;,&quot;field&quot;:&quot;slug&quot;,&quot;terms&quot;:[&quot;noticias-inorganica-es&quot;]}],&quot;post_status&quot;:[&quot;publish&quot;,&quot;acf-disabled&quot;],&quot;posts_per_page&quot;:999},&quot;orderby_query_args&quot;:{&quot;meta_query&quot;:{&quot;_orderby_custom_&quot;:{&quot;relation&quot;:&quot;OR&quot;,&quot;0&quot;:{&quot;compare&quot;:&quot;EXISTS&quot;,&quot;key&quot;:&quot;data&quot;,&quot;type&quot;:&quot;CHAR&quot;},&quot;1&quot;:{&quot;compare&quot;:&quot;NOT EXISTS&quot;,&quot;key&quot;:&quot;data&quot;,&quot;type&quot;:&quot;CHAR&quot;}}},&quot;orderby&quot;:&quot;data&quot;,&quot;order&quot;:&quot;DESC&quot;},&quot;type&quot;:&quot;grid&quot;,&quot;us_grid_ajax_index&quot;:2,&quot;us_grid_filter_params&quot;:[],&quot;us_grid_index&quot;:2,&quot;_us_grid_post_type&quot;:&quot;post&quot;,&quot;page_args&quot;:[],&quot;lang&quot;:&quot;es&quot;}}'><\/div>\r\n\t<\/div><\/div><\/div><div class=\"wpb_column vc_column_container us_custom_403f0015 has_bg_color\"><div class=\"vc_column-inner\"><div class=\"w-separator hide_on_default hide_on_laptops hide_on_tablets size_custom\" style=\"height:150px\"><\/div><\/div><\/div><\/div><\/div><\/section>\n","protected":false},"excerpt":{"rendered":"Quantum Tycoon, un videojuego educativo para descubrir la computaci\u00f3n cu\u00e1ntica El Instituto de Ciencias del Cosmos (ICCUB) y el Instituto de Nanociencia y Nanotecnolog\u00eda (IN2UB) de la Universidad de Barcelona han publicado\u00a0Quantum Tycoon, una aplicaci\u00f3n educativa que combina entretenimiento y divulgaci\u00f3n cient\u00edfica para acercar la computaci\u00f3n cu\u00e1ntica al p\u00fablico general de forma interactiva y accesible....","protected":false},"author":1,"featured_media":0,"parent":1053,"menu_order":0,"comment_status":"closed","ping_status":"closed","template":"","meta":{"_acf_changed":false,"footnotes":""},"research_area":[],"class_list":["post-1931","page","type-page","status-publish","hentry"],"acf":[],"yoast_head":"<!-- This site is optimized with the Yoast SEO plugin v27.5 - https:\/\/yoast.com\/product\/yoast-seo-wordpress\/ -->\n<title>Noticias y Eventos - Departament de Quimica Inorg\u00e0nica i Org\u00e0nica<\/title>\n<meta name=\"robots\" content=\"index, follow, max-snippet:-1, max-image-preview:large, max-video-preview:-1\" \/>\n<link rel=\"canonical\" href=\"https:\/\/dqio.ub.edu\/es\/inorganica\/noticias\/\" \/>\n<meta property=\"og:locale\" content=\"es_ES\" \/>\n<meta property=\"og:type\" content=\"article\" \/>\n<meta property=\"og:title\" content=\"Noticias y Eventos - Departament de Quimica Inorg\u00e0nica i Org\u00e0nica\" \/>\n<meta property=\"og:url\" content=\"https:\/\/dqio.ub.edu\/es\/inorganica\/noticias\/\" \/>\n<meta property=\"og:site_name\" content=\"Departament de Quimica Inorg\u00e0nica i Org\u00e0nica\" \/>\n<meta property=\"article:modified_time\" content=\"2025-05-12T10:11:30+00:00\" \/>\n<meta name=\"twitter:card\" content=\"summary_large_image\" \/>\n<meta name=\"twitter:label1\" content=\"Tiempo de lectura\" \/>\n\t<meta name=\"twitter:data1\" content=\"1 minuto\" \/>\n<script type=\"application\/ld+json\" class=\"yoast-schema-graph\">{\"@context\":\"https:\\\/\\\/schema.org\",\"@graph\":[{\"@type\":\"WebPage\",\"@id\":\"https:\\\/\\\/dqio.ub.edu\\\/es\\\/inorganica\\\/noticias\\\/\",\"url\":\"https:\\\/\\\/dqio.ub.edu\\\/es\\\/inorganica\\\/noticias\\\/\",\"name\":\"Noticias y Eventos - Departament de Quimica Inorg\u00e0nica i Org\u00e0nica\",\"isPartOf\":{\"@id\":\"https:\\\/\\\/dqio.ub.edu\\\/#website\"},\"datePublished\":\"2023-11-21T07:53:52+00:00\",\"dateModified\":\"2025-05-12T10:11:30+00:00\",\"breadcrumb\":{\"@id\":\"https:\\\/\\\/dqio.ub.edu\\\/es\\\/inorganica\\\/noticias\\\/#breadcrumb\"},\"inLanguage\":\"es\",\"potentialAction\":[{\"@type\":\"ReadAction\",\"target\":[\"https:\\\/\\\/dqio.ub.edu\\\/es\\\/inorganica\\\/noticias\\\/\"]}]},{\"@type\":\"BreadcrumbList\",\"@id\":\"https:\\\/\\\/dqio.ub.edu\\\/es\\\/inorganica\\\/noticias\\\/#breadcrumb\",\"itemListElement\":[{\"@type\":\"ListItem\",\"position\":1,\"name\":\"Inici\",\"item\":\"https:\\\/\\\/dqio.ub.edu\\\/es\\\/\"},{\"@type\":\"ListItem\",\"position\":2,\"name\":\"Inorg\u00e1nica\",\"item\":\"https:\\\/\\\/dqio.ub.edu\\\/inorganica\\\/\"},{\"@type\":\"ListItem\",\"position\":3,\"name\":\"Noticias y Eventos\"}]},{\"@type\":\"WebSite\",\"@id\":\"https:\\\/\\\/dqio.ub.edu\\\/#website\",\"url\":\"https:\\\/\\\/dqio.ub.edu\\\/\",\"name\":\"Departament de Quimica Inorg\u00e0nica i Org\u00e0nica\",\"description\":\"\",\"potentialAction\":[{\"@type\":\"SearchAction\",\"target\":{\"@type\":\"EntryPoint\",\"urlTemplate\":\"https:\\\/\\\/dqio.ub.edu\\\/?s={search_term_string}\"},\"query-input\":{\"@type\":\"PropertyValueSpecification\",\"valueRequired\":true,\"valueName\":\"search_term_string\"}}],\"inLanguage\":\"es\"}]}<\/script>\n<!-- \/ Yoast SEO plugin. -->","yoast_head_json":{"title":"Noticias y Eventos - Departament de Quimica Inorg\u00e0nica i Org\u00e0nica","robots":{"index":"index","follow":"follow","max-snippet":"max-snippet:-1","max-image-preview":"max-image-preview:large","max-video-preview":"max-video-preview:-1"},"canonical":"https:\/\/dqio.ub.edu\/es\/inorganica\/noticias\/","og_locale":"es_ES","og_type":"article","og_title":"Noticias y Eventos - Departament de Quimica Inorg\u00e0nica i Org\u00e0nica","og_url":"https:\/\/dqio.ub.edu\/es\/inorganica\/noticias\/","og_site_name":"Departament de Quimica Inorg\u00e0nica i Org\u00e0nica","article_modified_time":"2025-05-12T10:11:30+00:00","twitter_card":"summary_large_image","twitter_misc":{"Tiempo de lectura":"1 minuto"},"schema":{"@context":"https:\/\/schema.org","@graph":[{"@type":"WebPage","@id":"https:\/\/dqio.ub.edu\/es\/inorganica\/noticias\/","url":"https:\/\/dqio.ub.edu\/es\/inorganica\/noticias\/","name":"Noticias y Eventos - Departament de Quimica Inorg\u00e0nica i Org\u00e0nica","isPartOf":{"@id":"https:\/\/dqio.ub.edu\/#website"},"datePublished":"2023-11-21T07:53:52+00:00","dateModified":"2025-05-12T10:11:30+00:00","breadcrumb":{"@id":"https:\/\/dqio.ub.edu\/es\/inorganica\/noticias\/#breadcrumb"},"inLanguage":"es","potentialAction":[{"@type":"ReadAction","target":["https:\/\/dqio.ub.edu\/es\/inorganica\/noticias\/"]}]},{"@type":"BreadcrumbList","@id":"https:\/\/dqio.ub.edu\/es\/inorganica\/noticias\/#breadcrumb","itemListElement":[{"@type":"ListItem","position":1,"name":"Inici","item":"https:\/\/dqio.ub.edu\/es\/"},{"@type":"ListItem","position":2,"name":"Inorg\u00e1nica","item":"https:\/\/dqio.ub.edu\/inorganica\/"},{"@type":"ListItem","position":3,"name":"Noticias y Eventos"}]},{"@type":"WebSite","@id":"https:\/\/dqio.ub.edu\/#website","url":"https:\/\/dqio.ub.edu\/","name":"Departament de Quimica Inorg\u00e0nica i Org\u00e0nica","description":"","potentialAction":[{"@type":"SearchAction","target":{"@type":"EntryPoint","urlTemplate":"https:\/\/dqio.ub.edu\/?s={search_term_string}"},"query-input":{"@type":"PropertyValueSpecification","valueRequired":true,"valueName":"search_term_string"}}],"inLanguage":"es"}]}},"_links":{"self":[{"href":"https:\/\/dqio.ub.edu\/es\/wp-json\/wp\/v2\/pages\/1931","targetHints":{"allow":["GET"]}}],"collection":[{"href":"https:\/\/dqio.ub.edu\/es\/wp-json\/wp\/v2\/pages"}],"about":[{"href":"https:\/\/dqio.ub.edu\/es\/wp-json\/wp\/v2\/types\/page"}],"author":[{"embeddable":true,"href":"https:\/\/dqio.ub.edu\/es\/wp-json\/wp\/v2\/users\/1"}],"replies":[{"embeddable":true,"href":"https:\/\/dqio.ub.edu\/es\/wp-json\/wp\/v2\/comments?post=1931"}],"version-history":[{"count":32,"href":"https:\/\/dqio.ub.edu\/es\/wp-json\/wp\/v2\/pages\/1931\/revisions"}],"predecessor-version":[{"id":7962,"href":"https:\/\/dqio.ub.edu\/es\/wp-json\/wp\/v2\/pages\/1931\/revisions\/7962"}],"up":[{"embeddable":true,"href":"https:\/\/dqio.ub.edu\/es\/wp-json\/wp\/v2\/pages\/1053"}],"wp:attachment":[{"href":"https:\/\/dqio.ub.edu\/es\/wp-json\/wp\/v2\/media?parent=1931"}],"wp:term":[{"taxonomy":"research_area","embeddable":true,"href":"https:\/\/dqio.ub.edu\/es\/wp-json\/wp\/v2\/research_area?post=1931"}],"curies":[{"name":"wp","href":"https:\/\/api.w.org\/{rel}","templated":true}]}}