{"id":2562,"date":"2024-02-21T08:41:06","date_gmt":"2024-02-21T07:41:06","guid":{"rendered":"http:\/\/10.101.240.49\/?page_id=2562"},"modified":"2024-02-21T08:48:40","modified_gmt":"2024-02-21T08:48:40","slug":"aviso-legal","status":"publish","type":"page","link":"https:\/\/dqio.ub.edu\/es\/aviso-legal\/","title":{"rendered":"Aviso Legal"},"content":{"rendered":"<section class=\"l-section wpb_row height_medium\"><div class=\"l-section-h i-cf\"><div class=\"g-cols vc_row via_grid cols_1 laptops-cols_inherit tablets-cols_inherit mobiles-cols_1 valign_top type_default stacking_default\"><div class=\"wpb_column vc_column_container\"><div class=\"vc_column-inner\"><div class=\"wpb_text_column us_custom_0fae9c84\"><div class=\"wpb_wrapper\"><h2>Aviso legal<\/h2>\n<h5>Informaci\u00f3n general de este sitio web<\/h5>\n<p>Seg\u00fan la legislaci\u00f3n universitaria, la Universidad de Barcelona (en adelante, UB) lleva a cabo el servicio p\u00fablico de educaci\u00f3n superior mediante la docencia, el estudio y la investigaci\u00f3n. Como herramienta de soporte para acceder a su sitio web, la UB dispone de los nombres de dominio ub.edu y ub.es, de los que es titular. El uso del sitio web implica aceptar las condiciones establecidas en este documento.<\/p>\n<p>La informaci\u00f3n contenida en el sitio web de la UB tiene la finalidad de dar a conocer la actividad y los servicios que presta. La UB trabaja para que la informaci\u00f3n y los servicios ofrecidos que se difunden cumplan la necesaria integridad, veracidad, actualizaci\u00f3n, accesibilidad y usabilidad. En este sentido, es necesario tener presente la fecha de actualizaci\u00f3n indicada en cada caso. La informaci\u00f3n que puede ofrecerse mediante este sitio web no sustituye en ning\u00fan caso la publicidad de las leyes, disposiciones generales y actos administrativos, que deben ser publicados en diarios, boletines oficiales o el sistema que la propia UB determine.<\/p>\n<p>Este sitio web y todos sus contenidos, incluyendo los textos, im\u00e1genes, sonidos, bases de datos, c\u00f3digos y cualquier otro material, son propiedad de la UB o de terceros que hayan autorizado su uso en la instituci\u00f3n. Todo ese material est\u00e1 sujeto a la legislaci\u00f3n de la propiedad intelectual. Los respectivos titulares se reservan las acciones legales oportunas para reparar los da\u00f1os y perjuicios causados por cualquier acto que vulnere los derechos de propiedad intelectual de los contenidos.<\/p>\n<p>La UB se reserva la facultad de realizar modificaciones y actualizaciones de su sitio web en cualquier momento y sin necesidad de previo aviso.<\/p>\n<p>En relaci\u00f3n con las im\u00e1genes de personas que aparecen en el sitio web, la UB las publica respetando el derecho a la imagen propia. Estas im\u00e1genes se utilizan exclusivamente con la finalidad de componer archivos o v\u00eddeos gr\u00e1ficos, elaborados para informar y dar a conocer la actividad de la UB. En ning\u00fan caso se utilizan con otros fines, ni se ceden a terceras personas sin la autorizaci\u00f3n correspondiente.<\/p>\n<p>La UB tiene implementadas las medidas de seguridad adecuadas para mantener el sitio web y sus servidores libres de cualquier programa malicioso. El acceso seguro al sitio web (como en las intranets) se realiza mediante el protocolo HTTPS.<\/p>\n<p>La UB facilita desde el sitio web enlaces a sus perfiles de redes sociales (como Facebook, Twitter o Youtube), con el objetivo de dar a conocer en cu\u00e1les est\u00e1 presente. Una vez se accede a cualquiera de estas redes sociales, el usuario est\u00e1 sometido a las pol\u00edticas que cada servicio tenga establecidas.<\/p>\n<p>La UB permite recibir mediante RSS las noticias publicadas en su sitio web.<\/p>\n<p>Cualquier conflicto en relaci\u00f3n con el sitio web de la UB debe resolverse en los juzgados y tribunales de Barcelona, con renuncia expresa a cualquier otro fuero diferente.<\/p>\n<h5>Protecci\u00f3n de datos personales<\/h5>\n<p>En caso de que facilite los datos personales, el tratamiento que puede derivar est\u00e1 sometido a las previsiones de la normativa sobre protecci\u00f3n de datos personales. Se debe tener en cuenta que el sitio web de la UB no es una fuente de acceso p\u00fablico de las que prev\u00e9 esta normativa.<\/p>\n<h5>Datos recogidos mediante formularios<\/h5>\n<p>En el sitio web de la UB hay insertados diferentes formularios con los que se pueden recoger datos personales. En todos estos formularios constan las respectivas cl\u00e1usulas de informaci\u00f3n sobre el tratamiento de los datos personales, que dan cumplimiento a lo que prev\u00e9 la normativa de protecci\u00f3n de datos.<\/p>\n<p>Asimismo, y cuando es obligatorio por la normativa de protecci\u00f3n de datos, tambi\u00e9n se solicita el consentimiento de la persona afectada para tratar o ceder sus datos personales. A estos efectos se tendr\u00e1 en cuenta lo que se indica en cada cl\u00e1usula.<\/p>\n<p>En cualquier caso, la UB s\u00f3lo trata los datos personales de los afectados que son adecuados, pertinentes y no excesivos para el cumplimiento de las finalidades determinadas, expl\u00edcitas y leg\u00edtimas para las que se han obtenido. Asimismo, garantiza la seguridad de los datos personales de los usuarios del sitio web mediante la aplicaci\u00f3n de distintos tipos de medidas de seguridad de car\u00e1cter t\u00e9cnico y organizativo.<\/p>\n<p>Tal y como prev\u00e9 la normativa de protecci\u00f3n de datos, los menores de edad pueden dar su consentimiento al tratamiento de sus datos personales siempre que tengan m\u00e1s de catorce a\u00f1os. En el caso de menores de catorce a\u00f1os, se requiere el consentimiento de los padres o tutores. La UB no asume responsabilidad alguna sobre los datos personales facilitados por los menores de catorce a\u00f1os que no tengan el consentimiento de los padres o tutores.<\/p>\n<h5>Datos de transmisi\u00f3n<\/h5>\n<p>Los datos de transmisi\u00f3n est\u00e1n impl\u00edcitos en el uso de los protocolos de comunicaci\u00f3n de Internet. Los datos generados por la navegaci\u00f3n en el sitio web de la UB s\u00f3lo se tratan con fines estrictamente t\u00e9cnicos y por el personal sujeto al deber de confidencialidad.<\/p>\n<h5>Pol\u00edtica de cookies<\/h5>\n<p>Este sitio web utiliza cookies. Para m\u00e1s informaci\u00f3n, acceda al documento de pol\u00edtica de galletas.<\/p>\n<h5>Accesibilidad<\/h5>\n<p>La Universidad de Barcelona, en el compromiso de alcanzar la eliminaci\u00f3n total de las barreras visuales y funcionales del sitio web, satisface el nivel medio (AA) de las directrices de accesibilidad establecidas por el grupo de trabajo WAI (Web Accessibility Initiative) del W3C (World Wide Web Consortium). Hay que tener presente que el sitio web es din\u00e1mico y, en consecuencia, es pr\u00e1cticamente imposible comprobar todas y cada una de las p\u00e1ginas web que pueden consultarse en un momento determinado. En este sentido, si tiene alg\u00fan problema en relaci\u00f3n con la accesibilidad para navegar por alguna de estas p\u00e1ginas web, nos lo puede comunicar por correo electr\u00f3nico (entorns.web@ub.edu).<\/p>\n<p>Respecto al dise\u00f1o visual, este sitio web utiliza hojas de estilo para el formato visual de la informaci\u00f3n y s\u00f3lo se han utilizado tama\u00f1os de letra relativos, compatibles con las opciones personales de tama\u00f1o de texto de los navegadores. Sin embargo, si el navegador que utiliza no permite el uso de hojas de estilo, es posible navegar por las p\u00e1ginas web sin ning\u00fan tipo de problema de visualizaci\u00f3n seleccionando la opci\u00f3n de navegaci\u00f3n sin estilos de p\u00e1gina.<\/p>\n<h5>Normas de uso de las redes sociales<\/h5>\n<p>Los canales de redes sociales de la Universidad de Barcelona son canales institucionales que persiguen estos objetivos: a) informar a las audiencias sobre la actualidad de la Universidad, la investigaci\u00f3n que se lleva a cabo, la oferta educativa, los servicios de la instituci\u00f3n y otras iniciativas de la UB; y b) construir y reforzar el sentimiento de pertenencia y orgullo de la comunidad UB.<\/p>\n<p>Siguiendo los Estatutos de la UB, que en su art\u00edculo 4 proclaman los principios de libertad, democracia, justicia, igualdad y solidaridad, todos los participantes deben respetar estos valores y velar por el respeto a la dignidad de las personas.<\/p>\n<p>Los comentarios deben respetar las opiniones y fomentar un di\u00e1logo educado, respetuoso y constructivo. Se eliminar\u00e1n todos los comentarios que atenten contra la seguridad de las personas o que puedan generar un riesgo para esta seguridad, que atenten contra la dignidad o los derechos de las personas, que fomenten el odio o la violencia, que sean discriminatorios por cualquier motivo o que incluyan descalificaciones personales, insultos o comentarios difamatorios o infundados que afecten a la imagen p\u00fablica de la Universidad de Barcelona.<\/p>\n<p>La UB se reserva el derecho de eliminar o bloquear los comentarios o publicaciones que violen estas normas, o de denunciar a los usuarios que no las respeten.<\/p>\n<\/div><\/div><\/div><\/div><\/div><\/div><\/section>\n","protected":false},"excerpt":{"rendered":"Aviso legal Informaci\u00f3n general de este sitio web Seg\u00fan la legislaci\u00f3n universitaria, la Universidad de Barcelona (en adelante, UB) lleva a cabo el servicio p\u00fablico de educaci\u00f3n superior mediante la docencia, el estudio y la investigaci\u00f3n. Como herramienta de soporte para acceder a su sitio web, la UB dispone de los nombres de dominio ub.edu...","protected":false},"author":1,"featured_media":0,"parent":0,"menu_order":0,"comment_status":"closed","ping_status":"closed","template":"","meta":{"_acf_changed":false,"footnotes":""},"research_area":[],"class_list":["post-2562","page","type-page","status-publish","hentry"],"acf":[],"yoast_head":"<!-- This site is optimized with the Yoast SEO plugin v27.5 - https:\/\/yoast.com\/product\/yoast-seo-wordpress\/ -->\n<title>Aviso Legal - Departament de Quimica Inorg\u00e0nica i Org\u00e0nica<\/title>\n<meta name=\"robots\" content=\"index, follow, max-snippet:-1, max-image-preview:large, max-video-preview:-1\" \/>\n<link rel=\"canonical\" href=\"https:\/\/dqio.ub.edu\/avis-legal\/\" \/>\n<meta property=\"og:locale\" content=\"es_ES\" \/>\n<meta property=\"og:type\" content=\"article\" \/>\n<meta property=\"og:title\" content=\"Aviso Legal - Departament de Quimica Inorg\u00e0nica i Org\u00e0nica\" \/>\n<meta property=\"og:url\" content=\"https:\/\/dqio.ub.edu\/avis-legal\/\" \/>\n<meta property=\"og:site_name\" content=\"Departament de Quimica Inorg\u00e0nica i Org\u00e0nica\" \/>\n<meta property=\"article:modified_time\" content=\"2024-02-21T08:48:40+00:00\" \/>\n<meta name=\"twitter:card\" content=\"summary_large_image\" \/>\n<meta name=\"twitter:label1\" content=\"Tiempo de lectura\" \/>\n\t<meta name=\"twitter:data1\" content=\"7 minutos\" \/>\n<script type=\"application\/ld+json\" class=\"yoast-schema-graph\">{\"@context\":\"https:\\\/\\\/schema.org\",\"@graph\":[{\"@type\":\"WebPage\",\"@id\":\"https:\\\/\\\/dqio.ub.edu\\\/avis-legal\\\/\",\"url\":\"https:\\\/\\\/dqio.ub.edu\\\/avis-legal\\\/\",\"name\":\"Aviso Legal - Departament de Quimica Inorg\u00e0nica i Org\u00e0nica\",\"isPartOf\":{\"@id\":\"https:\\\/\\\/dqio.ub.edu\\\/#website\"},\"datePublished\":\"2024-02-21T07:41:06+00:00\",\"dateModified\":\"2024-02-21T08:48:40+00:00\",\"breadcrumb\":{\"@id\":\"https:\\\/\\\/dqio.ub.edu\\\/avis-legal\\\/#breadcrumb\"},\"inLanguage\":\"es\",\"potentialAction\":[{\"@type\":\"ReadAction\",\"target\":[\"https:\\\/\\\/dqio.ub.edu\\\/avis-legal\\\/\"]}]},{\"@type\":\"BreadcrumbList\",\"@id\":\"https:\\\/\\\/dqio.ub.edu\\\/avis-legal\\\/#breadcrumb\",\"itemListElement\":[{\"@type\":\"ListItem\",\"position\":1,\"name\":\"Inici\",\"item\":\"https:\\\/\\\/dqio.ub.edu\\\/es\\\/\"},{\"@type\":\"ListItem\",\"position\":2,\"name\":\"Aviso Legal\"}]},{\"@type\":\"WebSite\",\"@id\":\"https:\\\/\\\/dqio.ub.edu\\\/#website\",\"url\":\"https:\\\/\\\/dqio.ub.edu\\\/\",\"name\":\"Departament de Quimica Inorg\u00e0nica i Org\u00e0nica\",\"description\":\"\",\"potentialAction\":[{\"@type\":\"SearchAction\",\"target\":{\"@type\":\"EntryPoint\",\"urlTemplate\":\"https:\\\/\\\/dqio.ub.edu\\\/?s={search_term_string}\"},\"query-input\":{\"@type\":\"PropertyValueSpecification\",\"valueRequired\":true,\"valueName\":\"search_term_string\"}}],\"inLanguage\":\"es\"}]}<\/script>\n<!-- \/ Yoast SEO plugin. -->","yoast_head_json":{"title":"Aviso Legal - Departament de Quimica Inorg\u00e0nica i Org\u00e0nica","robots":{"index":"index","follow":"follow","max-snippet":"max-snippet:-1","max-image-preview":"max-image-preview:large","max-video-preview":"max-video-preview:-1"},"canonical":"https:\/\/dqio.ub.edu\/avis-legal\/","og_locale":"es_ES","og_type":"article","og_title":"Aviso Legal - Departament de Quimica Inorg\u00e0nica i Org\u00e0nica","og_url":"https:\/\/dqio.ub.edu\/avis-legal\/","og_site_name":"Departament de Quimica Inorg\u00e0nica i Org\u00e0nica","article_modified_time":"2024-02-21T08:48:40+00:00","twitter_card":"summary_large_image","twitter_misc":{"Tiempo de lectura":"7 minutos"},"schema":{"@context":"https:\/\/schema.org","@graph":[{"@type":"WebPage","@id":"https:\/\/dqio.ub.edu\/avis-legal\/","url":"https:\/\/dqio.ub.edu\/avis-legal\/","name":"Aviso Legal - Departament de Quimica Inorg\u00e0nica i Org\u00e0nica","isPartOf":{"@id":"https:\/\/dqio.ub.edu\/#website"},"datePublished":"2024-02-21T07:41:06+00:00","dateModified":"2024-02-21T08:48:40+00:00","breadcrumb":{"@id":"https:\/\/dqio.ub.edu\/avis-legal\/#breadcrumb"},"inLanguage":"es","potentialAction":[{"@type":"ReadAction","target":["https:\/\/dqio.ub.edu\/avis-legal\/"]}]},{"@type":"BreadcrumbList","@id":"https:\/\/dqio.ub.edu\/avis-legal\/#breadcrumb","itemListElement":[{"@type":"ListItem","position":1,"name":"Inici","item":"https:\/\/dqio.ub.edu\/es\/"},{"@type":"ListItem","position":2,"name":"Aviso Legal"}]},{"@type":"WebSite","@id":"https:\/\/dqio.ub.edu\/#website","url":"https:\/\/dqio.ub.edu\/","name":"Departament de Quimica Inorg\u00e0nica i Org\u00e0nica","description":"","potentialAction":[{"@type":"SearchAction","target":{"@type":"EntryPoint","urlTemplate":"https:\/\/dqio.ub.edu\/?s={search_term_string}"},"query-input":{"@type":"PropertyValueSpecification","valueRequired":true,"valueName":"search_term_string"}}],"inLanguage":"es"}]}},"_links":{"self":[{"href":"https:\/\/dqio.ub.edu\/es\/wp-json\/wp\/v2\/pages\/2562","targetHints":{"allow":["GET"]}}],"collection":[{"href":"https:\/\/dqio.ub.edu\/es\/wp-json\/wp\/v2\/pages"}],"about":[{"href":"https:\/\/dqio.ub.edu\/es\/wp-json\/wp\/v2\/types\/page"}],"author":[{"embeddable":true,"href":"https:\/\/dqio.ub.edu\/es\/wp-json\/wp\/v2\/users\/1"}],"replies":[{"embeddable":true,"href":"https:\/\/dqio.ub.edu\/es\/wp-json\/wp\/v2\/comments?post=2562"}],"version-history":[{"count":1,"href":"https:\/\/dqio.ub.edu\/es\/wp-json\/wp\/v2\/pages\/2562\/revisions"}],"predecessor-version":[{"id":2563,"href":"https:\/\/dqio.ub.edu\/es\/wp-json\/wp\/v2\/pages\/2562\/revisions\/2563"}],"wp:attachment":[{"href":"https:\/\/dqio.ub.edu\/es\/wp-json\/wp\/v2\/media?parent=2562"}],"wp:term":[{"taxonomy":"research_area","embeddable":true,"href":"https:\/\/dqio.ub.edu\/es\/wp-json\/wp\/v2\/research_area?post=2562"}],"curies":[{"name":"wp","href":"https:\/\/api.w.org\/{rel}","templated":true}]}}